{"id":46,"date":"2023-03-20T00:35:00","date_gmt":"2023-03-19T23:35:00","guid":{"rendered":"https:\/\/punktdruckerei.de\/?page_id=46"},"modified":"2023-12-15T13:05:27","modified_gmt":"2023-12-15T12:05:27","slug":"technologia","status":"publish","type":"page","link":"https:\/\/punktdruckerei.de\/de\/technologie\/","title":{"rendered":"Technologie"},"content":{"rendered":"<section class=\"wp-block-punkt-drukarnia-main-section-3 bg-Primary_dark px-5 relative\"> <div class=\"absolute bottom-8 left-2\/3 z-30 lg:bottom-16\"> <div class=\"relative\"> <div data-empty-placeholder=\"\" class=\"absolute bg-white left-8 square lg:left-16\"><\/div> <div data-empty-placeholder=\"\" class=\"absolute bg-Primary_dark square top-8 lg:top-16\"><\/div> <\/div> <\/div><div class=\"flex flex-row items-center justify-between max-w-screen-xl mx-auto py-28 md:pb-24 md:pt-32\"> <h1 data-aos=\"fade-right\" class=\"font-NotoSans font-extrabold font34 text-white\">Technologie<\/h1> <\/div> <\/section>\n\n\n<section data-tab=\"technology-tabs\" class=\"py-16 tabs lg:py-32\" id=\"technology-block_c870f60ec10e43eafa573e2d96034761\">\n    <div class=\"px-5\">\n        <div data-aos=\"fade-down\" class=\"border-Primary_dark border-b border-opacity-20 border-solid flex flex-row justify-between max-w-screen-xl mx-auto\">\n                            <div data-tab-buttons class=\"flex flex-row hide-scroll overflow-x-scroll space-x-14\">\n                                            <button tab-button class=\"font-extrabold font-sans pb-6 text-Primary_dark text-base text-opacity-20 whitespace-nowrap\">\n                            Drucktechniken                        <\/button>\n                                            <button tab-button class=\"font-extrabold font-sans pb-6 text-Primary_dark text-base text-opacity-20 whitespace-nowrap\">\n                            Markierungs- und Veredelungstechniken                        <\/button>\n                                    <\/div>\n                        <a href=\"https:\/\/punktdruckerei.de\/de\/technische-daten\/\" class=\"font-normal font-sans hidden pl-5 text-Primary_dark text-base underline md:flex\">Technische Spezifikationen pr\u00fcfen<\/a>\n        <\/div>\n    <\/div>\n            <div data-tab-panels>\n                            <div tab-panel class=\"flex-col\">\n                    <div class=\"px-5\">\n                        <div class=\"border-Primary_dark border-b border-opacity-20 border-solid lg:pb-10 max-w-screen-xl mx-auto pb-7 pt-12\">\n                            <p data-aos=\"fade-down\" class=\"font-bold font-sans text-Primary_dark text-base lg:text-lg\"><p><strong>Unser Maschinenpark umfasst Anlagen, die es uns erm\u00f6glichen, Produkte mit verschiedenen Druck- und Markierungstechniken herzustellen. Zur Optimierung der Produktion und angesichts steigender Kundenanforderungen in Bezug auf Qualit\u00e4t, Termine und Preise f\u00fchren wir st\u00e4ndig neue Markierungs- und Drucktechniken ein.<\/strong><\/p>\n<p><strong>Wir verwenden nur zertifizierte Materialien f\u00fcr den Druck, die langlebig, arbeitnehmer- und umweltfreundlich sind.<\/strong><br \/>\n<strong>Derzeit stehen uns folgende Drucktechniken zur Verf\u00fcgung:<\/strong><\/p>\n<\/p>\n                        <\/div>\n                    <\/div>\n                    <div class=\"flex flex-col max-w-screen-xl mx-auto lg:flex-row lg:pb-12\">\n                        <div class=\"lg:w-5\/12\">\n                                                            <ul data-aos=\"fade-up\" class=\"flex flex-col items-center lg:flex-col lg:items-start lg:pt-12 lg:space-y-2 lg:sticky lg:top-0 pb-8 pt-20 px-5 space-y-2\">\n                                                                            <li>\n                                            <a href=\"#druk-cyfrowy\" class=\"font-bold lg:flex lg:flex-row lg:justify-between lg:px-5 lg:text-left lg:w-72 py-4 text-Primary_dark text-center text-sm w-36\">Digitaler Druck<\/a>\n                                        <\/li>\n                                                                            <li>\n                                            <a href=\"#sitodruk\" class=\"font-bold lg:flex lg:flex-row lg:justify-between lg:px-5 lg:text-left lg:w-72 py-4 text-Primary_dark text-center text-sm w-36\">Siebdruck<\/a>\n                                        <\/li>\n                                                                            <li>\n                                            <a href=\"#tampodruk\" class=\"font-bold lg:flex lg:flex-row lg:justify-between lg:px-5 lg:text-left lg:w-72 py-4 text-Primary_dark text-center text-sm w-36\">Tampondruck<\/a>\n                                        <\/li>\n                                                                            <li>\n                                            <a href=\"#druk-uv\" class=\"font-bold lg:flex lg:flex-row lg:justify-between lg:px-5 lg:text-left lg:w-72 py-4 text-Primary_dark text-center text-sm w-36\">UV-Druck<\/a>\n                                        <\/li>\n                                                                    <\/ul>\n                                                    <\/div>\n                                                    <div class=\"lg:pt-12 lg:w-7\/12\">\n                                                                    <div class=\"bg-Button mb-5 pb-20 pt-11 px-5 lg:mb-8 lg:pb-7\" id=\"druk-cyfrowy\">\n                                        <h3 data-aos=\"fade-right\" class=\"font-NotoSans font-extrabold font-size21 pb-5 px-5 text-Primary_dark\">Digitaler Druck<\/h3>\n                                        <div class=\"styled-list pb-6 px-5\">\n                                            <p class=\"font-normal font-sans text-Primary_dark text-base\"><p>Wir verf\u00fcgen \u00fcber Schneide- und Druckplotter bis zu einer mittleren Breite von 1600 mm.<br \/>\nGesamtkapazit\u00e4t der Anlage:<\/p>\n<ul>\n<li>Druck: bei 1440 dpi x 720 dpi sind es etwa 47 m2 pro Stunde<br \/>\nSchneiden: bis zu 70 m2 pro Stunde<\/li>\n<li>Der Druck ist auf flachen, glatt strukturierten Produkten bis zu einer Dicke von 1 mm m\u00f6glich.<\/li>\n<\/ul>\n<p>Wir drucken auf den folgenden Substraten:<\/p>\n<ul>\n<li>selbstklebende PVC-, Polyester- und Reflexionsfolien<\/li>\n<li>Kunststoffe - Weich-PVC, Lexan<\/li>\n<li>Papiere - selbstklebende Papiere<\/li>\n<\/ul>\n<p>&nbsp;<\/p>\n<p>Die Drucke zeichnen sich durch eine exzellente Farbwiedergabe aus, und ihre Best\u00e4ndigkeit gegen UV-Strahlung und \u00e4u\u00dfere Einfl\u00fcsse wird deutlich erh\u00f6ht, wenn die Deckschicht durch ein hei\u00dfgepr\u00e4gtes UV-Laminat gesch\u00fctzt wird.<\/p>\n<p>&nbsp;<\/p>\n<p>Wir verf\u00fcgen \u00fcber digitale Farb- und Schwarzwei\u00dfdrucker bis zum Format A3 mit integriertem Duplex. Wir drucken auf Offsetpapieren, selbstklebenden Papieren und Karton bis zu 200 g.<\/p>\n<\/p>\n                                        <\/div>\n                                    <\/div>\n                                                                    <div class=\"bg-Button mb-5 pb-20 pt-11 px-5 lg:mb-8 lg:pb-7\" id=\"sitodruk\">\n                                        <h3 data-aos=\"fade-right\" class=\"font-NotoSans font-extrabold font-size21 pb-5 px-5 text-Primary_dark\">Siebdruck<\/h3>\n                                        <div class=\"styled-list pb-6 px-5\">\n                                            <p class=\"font-normal font-sans text-Primary_dark text-base\"><p>Wir verf\u00fcgen \u00fcber eine halbautomatische Siebdruckmaschine, die bis zum Format B2 drucken kann, und eine manuelle Maschine bis zum Format B1.<br \/>\nWir bedrucken flache, glatt strukturierte Objekte bis zu einer H\u00f6he von 15 cm auf den folgenden Substraten:<\/p>\n<p>&nbsp;<\/p>\n<ul>\n<li>selbstklebende Folien - PVC, Polyester, reflektierend<\/li>\n<li>Nichteisen- und Eisenmetalle - z. B. Aluminium, Stahl<\/li>\n<li>Kunststoffe - Lexan, Dibond, Plexiglas, PVC, \u00d6ko-Leder<\/li>\n<li>Papiere - gestrichene Papiere, folierte Papiere, Kartons<\/li>\n<\/ul>\n<p>&nbsp;<\/p>\n<p>Die Drucke haben eine hervorragende Farbwiedergabe und sind wesentlich UV- und witterungsbest\u00e4ndiger als Digitaldrucke, selbst wenn sie mit UV-Technologie hergestellt wurden.<\/p>\n<\/p>\n                                        <\/div>\n                                    <\/div>\n                                                                    <div class=\"bg-Button mb-5 pb-20 pt-11 px-5 lg:mb-8 lg:pb-7\" id=\"tampodruk\">\n                                        <h3 data-aos=\"fade-right\" class=\"font-NotoSans font-extrabold font-size21 pb-5 px-5 text-Primary_dark\">Tampondruck<\/h3>\n                                        <div class=\"styled-list pb-6 px-5\">\n                                            <p class=\"font-normal font-sans text-Primary_dark text-base\"><p>Wir haben eine Maschine f\u00fcr halbautomatischen Tampondruck. Maximaler Druckdurchmesser: 65 mm.<br \/>\nMit einem richtig geformten Tampon ist es m\u00f6glich, auf unebenen und unregelm\u00e4\u00dfigen Oberfl\u00e4chen zu drucken.<br \/>\nDurch die Wahl der richtigen Farbe und des richtigen Tampons ist es m\u00f6glich, Bedruckstoffe wie z. B.:<\/p>\n<p>&nbsp;<\/p>\n<ul>\n<li>\u00a0Nichteisen- und Eisenmetalle - z. B. Aluminium, Stahl<\/li>\n<li>\u00a0Kunststoffe - Abs, Lexan, Dibond, Plexiglas, PVC, \u00d6ko-Leder<\/li>\n<li>\u00a0Papiere - gestrichene Papiere, folierte Papiere, Kartons<\/li>\n<\/ul>\n<p>&nbsp;<\/p>\n<p>Die Drucke zeichnen sich durch eine hervorragende Farbwiedergabe und eine gute Best\u00e4ndigkeit gegen UV-Strahlung und \u00e4u\u00dfere Einfl\u00fcsse aus.<\/p>\n<\/p>\n                                        <\/div>\n                                    <\/div>\n                                                                    <div class=\"bg-Button mb-5 pb-20 pt-11 px-5 lg:mb-8 lg:pb-7\" id=\"druk-uv\">\n                                        <h3 data-aos=\"fade-right\" class=\"font-NotoSans font-extrabold font-size21 pb-5 px-5 text-Primary_dark\">UV-Druck<\/h3>\n                                        <div class=\"styled-list pb-6 px-5\">\n                                            <p class=\"font-normal font-sans text-Primary_dark text-base\"><p>Der Tisch-UV-Drucker mit wei\u00dfem Unterdruck und Klarlack erm\u00f6glicht die Produktpersonalisierung aus nur einem St\u00fcck.<\/p>\n<p>&nbsp;<\/p>\n<p>Anwendung:<\/p>\n<ul class=\"tabliczki listy-etykiety\">\n<li>\u00a0Kunststoffe - Lexan, Dibond, Plexiglas, PVC, \u00d6ko-Leder<\/li>\n<li>\u00a0PVC, Polyester, reflektierende Folien<\/li>\n<li>\u00a0Nichteisen- und Eisenmetalle - z. B. Aluminium, Stahl<\/li>\n<li>\u00a0Papiere - gestrichene Papiere, folierte Papiere, Kartons<\/li>\n<\/ul>\n<\/p>\n                                        <\/div>\n                                    <\/div>\n                                                            <\/div>\n                                            <\/div>\n                <\/div>\n                            <div tab-panel class=\"flex-col\">\n                    <div class=\"px-5\">\n                        <div class=\"border-Primary_dark border-b border-opacity-20 border-solid lg:pb-10 max-w-screen-xl mx-auto pb-7 pt-12\">\n                            <p data-aos=\"fade-down\" class=\"font-bold font-sans text-Primary_dark text-base lg:text-lg\"><\/p>\n                        <\/div>\n                    <\/div>\n                    <div class=\"flex flex-col max-w-screen-xl mx-auto lg:flex-row lg:pb-12\">\n                        <div class=\"lg:w-5\/12\">\n                                                            <ul data-aos=\"fade-up\" class=\"flex flex-col items-center lg:flex-col lg:items-start lg:pt-12 lg:space-y-2 lg:sticky lg:top-0 pb-8 pt-20 px-5 space-y-2\">\n                                                                            <li>\n                                            <a href=\"#laser-fiber-i-co2\" class=\"font-bold lg:flex lg:flex-row lg:justify-between lg:px-5 lg:text-left lg:w-72 py-4 text-Primary_dark text-center text-sm w-36\">Faser- und CO2-Laser<\/a>\n                                        <\/li>\n                                                                            <li>\n                                            <a href=\"#tloczenie-na-goraco\" class=\"font-bold lg:flex lg:flex-row lg:justify-between lg:px-5 lg:text-left lg:w-72 py-4 text-Primary_dark text-center text-sm w-36\">Hei\u00dfpr\u00e4gung und Thermotransfer<\/a>\n                                        <\/li>\n                                                                            <li>\n                                            <a href=\"#frezowanie-komputerowe\" class=\"font-bold lg:flex lg:flex-row lg:justify-between lg:px-5 lg:text-left lg:w-72 py-4 text-Primary_dark text-center text-sm w-36\">Computergest\u00fctztes Fr\u00e4sen<\/a>\n                                        <\/li>\n                                                                            <li>\n                                            <a href=\"#laminowanie\" class=\"font-bold lg:flex lg:flex-row lg:justify-between lg:px-5 lg:text-left lg:w-72 py-4 text-Primary_dark text-center text-sm w-36\">Kaschieren<\/a>\n                                        <\/li>\n                                                                            <li>\n                                            <a href=\"#bindowanie\" class=\"font-bold lg:flex lg:flex-row lg:justify-between lg:px-5 lg:text-left lg:w-72 py-4 text-Primary_dark text-center text-sm w-36\">Binden, Kleben, Heften<\/a>\n                                        <\/li>\n                                                                    <\/ul>\n                                                    <\/div>\n                                                    <div class=\"lg:pt-12 lg:w-7\/12\">\n                                                                    <div class=\"bg-Button mb-5 pb-20 pt-11 px-5 lg:mb-8 lg:pb-7\" id=\"laser-fiber-i-co2\">\n                                        <h3 data-aos=\"fade-right\" class=\"font-NotoSans font-extrabold font-size21 pb-5 px-5 text-Primary_dark\">Faser- und CO2-Laser<\/h3>\n                                        <div class=\"styled-list pb-6 px-5\">\n                                            <p class=\"font-normal font-sans text-Primary_dark text-base\"><p>Der Beschriftungslaser ist das ideale Werkzeug f\u00fcr die Gravur von Namensschildern. Wenn eine Kennzeichnung aufgrund gesetzlicher Vorschriften oder zur Personalisierung gew\u00f6hnlicher Namensschilder erforderlich ist, erm\u00f6glicht der Laser die Beschriftung von selbstklebenden Materialien, Kunststoffen und Metallen. Er eignet sich sowohl f\u00fcr Schilder in Standardgr\u00f6\u00dfe als auch f\u00fcr ungew\u00f6hnliche Formen und Gr\u00f6\u00dfen.<\/p>\n<p>&nbsp;<\/p>\n<p>Sowohl das Laserschneiden von Kunststoffen als auch das Gravieren k\u00f6nnen auf viele verschiedene Arten durchgef\u00fchrt werden. Eine Reihe von handels\u00fcblichen Kunststoffen wie Polycarbonate, ABS, Polyamide und viele andere k\u00f6nnen mit einem Faserlaser markiert werden. Das Verfahren ist schnell und liefert ein hochwertiges Ergebnis. Dank der kurzen Einstellungszeit und der hohen Flexibilit\u00e4t dieses Werkzeugs lassen sich mit dem Laser auch sehr kleine St\u00fcckzahlen kosteng\u00fcnstig beschriften.<\/p>\n<p>&nbsp;<\/p>\n<p>Wir verf\u00fcgen \u00fcber eine Trotec-Maschine mit integrierter Doppellaserquelle - Faser und CO2. Damit ist es m\u00f6glich, den Betrieb von zwei Lichtquellen mit einer einzigen Einstellung zu kombinieren.<\/p>\n<\/p>\n                                        <\/div>\n                                    <\/div>\n                                                                    <div class=\"bg-Button mb-5 pb-20 pt-11 px-5 lg:mb-8 lg:pb-7\" id=\"tloczenie-na-goraco\">\n                                        <h3 data-aos=\"fade-right\" class=\"font-NotoSans font-extrabold font-size21 pb-5 px-5 text-Primary_dark\">Hei\u00dfpr\u00e4gung und Thermotransfer<\/h3>\n                                        <div class=\"styled-list pb-6 px-5\">\n                                            <p class=\"font-normal font-sans text-Primary_dark text-base\"><p>Es ist nicht m\u00f6glich, mit der Lasermarkierung auf allen Substraten einen dreidimensionalen Effekt zu erzielen.<br \/>\nIn solchen F\u00e4llen f\u00fchren wir die Markierung oder Pr\u00e4gung mit einer W\u00e4rmepresse durch.<br \/>\nUnser halbautomatisches Ger\u00e4t erm\u00f6glicht es Ihnen, die Temperatur und die Zeit der Temperatureinwirkung auf das Substrat zu w\u00e4hlen.<br \/>\nMittlere H\u00f6he bis zu 5 cm.<\/p>\n<p>&nbsp;<\/p>\n<p>Anwendung:<\/p>\n<ul class=\"tabliczki listy-etykiety\">\n<li>Pr\u00e4gen und Falten von flexiblen Kunststoffen, z. B. Tastaturen und Kn\u00f6pfe<\/li>\n<li>Farbwechseldrucke auf Aluminium, z. B. Farbplatten auf Aluminiumsubstrat f\u00fcr den Innenbereich.<\/li>\n<\/ul>\n<\/p>\n                                        <\/div>\n                                    <\/div>\n                                                                    <div class=\"bg-Button mb-5 pb-20 pt-11 px-5 lg:mb-8 lg:pb-7\" id=\"frezowanie-komputerowe\">\n                                        <h3 data-aos=\"fade-right\" class=\"font-NotoSans font-extrabold font-size21 pb-5 px-5 text-Primary_dark\">Computergest\u00fctztes Fr\u00e4sen<\/h3>\n                                        <div class=\"styled-list pb-6 px-5\">\n                                            <p class=\"font-normal font-sans text-Primary_dark text-base\"><p>Das mechanische Fr\u00e4sen ist gr\u00f6\u00dftenteils durch das Lasergravieren und -schneiden abgel\u00f6st worden. Es gibt jedoch Produkte, deren Herstellungsprozess weiterhin den Einsatz dieser Ger\u00e4te erfordert.<\/p>\n<p>&nbsp;<\/p>\n<p>Anwendung (durch Bearbeitung):<\/p>\n<ul class=\"tabliczki listy-etykiety\">\n<li>Fr\u00e4sen und Bohren von L\u00f6chern, Nuten und Profilen<\/li>\n<li>Gravur in Stahl, Messing, Aluminium, Gold, usw.<\/li>\n<li>Herstellung von Transfermatrizen<\/li>\n<li>Schneiden von Details aus Aluminiumprofilen<\/li>\n<li>Gold- und Silbermarkierung<\/li>\n<li>Herstellung von Aluminiumkomponenten<\/li>\n<li>Messingstempel und -federn<\/li>\n<\/ul>\n<\/p>\n                                        <\/div>\n                                    <\/div>\n                                                                    <div class=\"bg-Button mb-5 pb-20 pt-11 px-5 lg:mb-8 lg:pb-7\" id=\"laminowanie\">\n                                        <h3 data-aos=\"fade-right\" class=\"font-NotoSans font-extrabold font-size21 pb-5 px-5 text-Primary_dark\">Kaschieren<\/h3>\n                                        <div class=\"styled-list pb-6 px-5\">\n                                            <p class=\"font-normal font-sans text-Primary_dark text-base\"><p>Hei\u00dflaminierung ist eine hervorragende M\u00f6glichkeit, Drucke vor \u00e4u\u00dferen Einfl\u00fcssen zu sch\u00fctzen. Zugelassene Laminate der Marke Oracal mit einer auf 3 oder 5 Jahre verl\u00e4ngerten Haltbarkeitsgarantie des Herstellers verl\u00e4ngern die Lebensdauer von Grafiken um ein Vielfaches - sie sind widerstandsf\u00e4higer gegen Kratzer, \u00d6le, Fette und andere chemische Reagenzien sowie UV-Strahlen.<\/p>\n<p>&nbsp;<\/p>\n<p>F\u00fcr Etiketten, die unter wechselnden oder rauen Bedingungen verwendet werden, empfehlen wir eine Schutzschicht in Form eines Laminats.<\/p>\n<\/p>\n                                        <\/div>\n                                    <\/div>\n                                                                    <div class=\"bg-Button mb-5 pb-20 pt-11 px-5 lg:mb-8 lg:pb-7\" id=\"bindowanie\">\n                                        <h3 data-aos=\"fade-right\" class=\"font-NotoSans font-extrabold font-size21 pb-5 px-5 text-Primary_dark\">Binden, Kleben, Heften<\/h3>\n                                        <div class=\"styled-list pb-6 px-5\">\n                                            <p class=\"font-normal font-sans text-Primary_dark text-base\"><p>Wir verf\u00fcgen \u00fcber eine halbautomatische Maschine zum gleichzeitigen Rillen und Heften.<\/p>\n<p>Anwendung:<\/p>\n<ul class=\"tabliczki listy-etykiety\">\n<li>Gebrauchsanweisung<\/li>\n<li>Garantiekarten<\/li>\n<li>Produktbeilagen und Etiketten<\/li>\n<\/ul>\n<p>&nbsp;<\/p>\n<p>Das Auftragen des Klebstoffs erfolgt mit verschiedenen Techniken - je nach den Bedingungen, denen das Produkt ausgesetzt ist - vom Siebdruck \u00fcber doppelseitige Klebeb\u00e4nder bis hin zu 3M-Klebefilmen.<\/p>\n<p>&nbsp;<\/p>\n<p>Die Verwendung von Produkten unter unterschiedlichen Bedingungen kann eine Verlegung ohne Beeintr\u00e4chtigung der Untergrundstruktur erfordern.<br \/>\nUm Bohrl\u00f6cher, Schwei\u00dfarbeiten oder Beulen zu vermeiden, empfehlen wir die Verwendung von 3M-Klebefolie.<\/p>\n<\/p>\n                                        <\/div>\n                                    <\/div>\n                                                            <\/div>\n                                            <\/div>\n                <\/div>\n                    <\/div>\n    <\/section>","protected":false},"excerpt":{"rendered":"","protected":false},"author":1,"featured_media":0,"parent":0,"menu_order":0,"comment_status":"closed","ping_status":"closed","template":"","meta":{"_monsterinsights_skip_tracking":false,"_monsterinsights_sitenote_active":false,"_monsterinsights_sitenote_note":"","_monsterinsights_sitenote_category":0,"footnotes":""},"class_list":["post-46","page","type-page","status-publish","hentry"],"acf":[],"_links":{"self":[{"href":"https:\/\/punktdruckerei.de\/de\/wp-json\/wp\/v2\/pages\/46","targetHints":{"allow":["GET"]}}],"collection":[{"href":"https:\/\/punktdruckerei.de\/de\/wp-json\/wp\/v2\/pages"}],"about":[{"href":"https:\/\/punktdruckerei.de\/de\/wp-json\/wp\/v2\/types\/page"}],"author":[{"embeddable":true,"href":"https:\/\/punktdruckerei.de\/de\/wp-json\/wp\/v2\/users\/1"}],"replies":[{"embeddable":true,"href":"https:\/\/punktdruckerei.de\/de\/wp-json\/wp\/v2\/comments?post=46"}],"version-history":[{"count":27,"href":"https:\/\/punktdruckerei.de\/de\/wp-json\/wp\/v2\/pages\/46\/revisions"}],"predecessor-version":[{"id":882,"href":"https:\/\/punktdruckerei.de\/de\/wp-json\/wp\/v2\/pages\/46\/revisions\/882"}],"wp:attachment":[{"href":"https:\/\/punktdruckerei.de\/de\/wp-json\/wp\/v2\/media?parent=46"}],"curies":[{"name":"wp","href":"https:\/\/api.w.org\/{rel}","templated":true}]}}