{"id":501,"date":"2023-04-03T16:03:17","date_gmt":"2023-04-03T14:03:17","guid":{"rendered":"https:\/\/punktdruckerei.de\/?page_id=501"},"modified":"2023-12-15T14:39:15","modified_gmt":"2023-12-15T13:39:15","slug":"regulamin","status":"publish","type":"page","link":"https:\/\/punktdruckerei.de\/de\/vorschriften\/","title":{"rendered":"Vorschriften"},"content":{"rendered":"<section class=\"wp-block-punkt-drukarnia-main-section-3 bg-Primary_dark px-5 relative\"> <div class=\"absolute bottom-8 left-2\/3 z-30 lg:bottom-16\"> <div class=\"relative\"> <div data-empty-placeholder=\"\" class=\"absolute bg-white left-8 square lg:left-16\"><\/div> <div data-empty-placeholder=\"\" class=\"absolute bg-Primary_dark square top-8 lg:top-16\"><\/div> <\/div> <\/div><div class=\"flex flex-row items-center justify-between max-w-screen-xl mx-auto py-28 md:pb-24 md:pt-32\"> <h2 data-aos=\"fade-right\" class=\"font-NotoSans font-extrabold font34 text-white\">Vorschriften<\/h2> <\/div> <\/section>\n\n\n\n<section class=\"wp-block-punkt-drukarnia-text-section px-5\"> <div data-aos=\"fade\" class=\"max-w-screen-xl mx-auto py-12 lg:py-16\">\n<p class=\"wp-block-punkt-drukarnia-text-section-heading font-medium font-sans text-2xl text-Primary_dark\">\n<article><h1 class=\"page-title text-center\">Bedingungen der Dienstleistung<\/h1><h2>I. Allgemeine Begriffe<\/h2><ul><li><strong>Vorschriften<\/strong> - diese Regeln<\/li><li><strong>Dienst<\/strong> - den Internetdienst \"Punktdruckerei.de\", der unter https:\/\/punktdruckerei.de\/ betrieben wird.<\/li><li><strong>Dienstanbieter<\/strong> - das Unternehmen \"PUNKT DRUKARNIA CYFROWA EWA MATWIEJUK\" mit eingetragener Anschrift: ul. Elewatorska 13\/8, 15-620 Bia\u0142ystok, NIP: 5421559150, <\/li><li><strong>Kunde<\/strong> - jede nat\u00fcrliche Person, die auf die Website zugreift und die vom Diensteanbieter \u00fcber die Website angebotenen Dienste nutzt.<\/li><li><strong>Kommunikation mit elektronischen Mitteln<\/strong> - Kommunikation zwischen den Parteien \u00fcber elektronische Post (E-Mail) und die auf der Website verf\u00fcgbaren Kontaktformulare.<\/li><\/ul><h2>II. Allgemeine Bestimmungen<\/h2><ul><li>Die Allgemeinen Gesch\u00e4ftsbedingungen regeln den Betrieb und die Nutzung der Website und legen die Rechte und Pflichten der Kunden und des Dienstleisters in Bezug auf die Nutzung der Website fest.<\/li><li>Gegenstand der Dienstleistungen des Diensteanbieters ist die kostenlose Bereitstellung von Werkzeugen in Form einer Website, die es dem Diensteanbieter erm\u00f6glichen, Zugang zu Inhalten in Form von Beitr\u00e4gen, Artikeln und audiovisuellem Material oder Webanwendungen und elektronischen Formularen zu bieten.<\/li><li>Eventuelle Inhalte, Artikel und Informationen, die den Charakter von Tipps oder Ratschl\u00e4gen haben, die auf der Website ver\u00f6ffentlicht werden, sind nur eine allgemeine Informationssammlung und richten sich nicht an einzelne Dienstleistungsempf\u00e4nger. Der Dienstanbieter haftet nicht f\u00fcr die Verwendung dieser Informationen durch die Kunden.<\/li><li>Der Empf\u00e4nger \u00fcbernimmt die volle Verantwortung f\u00fcr die Nutzung des auf der Website zur Verf\u00fcgung gestellten Materials, einschlie\u00dflich der Nutzung in \u00dcbereinstimmung mit dem geltenden Recht.<\/li><li>Der Dienstanbieter \u00fcbernimmt keine Gew\u00e4hr f\u00fcr die Eignung des auf der Website eingestellten Materials.<\/li><li>Der Dienstanbieter haftet nicht f\u00fcr Sch\u00e4den, die dem Kunden der Website oder Dritten im Zusammenhang mit der Nutzung der Website entstehen. Jedes Risiko im Zusammenhang mit der Nutzung der Website und insbesondere mit der Nutzung und Verwertung der auf der Website eingestellten Informationen tr\u00e4gt der Kunde, der die Website nutzt, selbst.<\/li><\/ul><h2>III. Bedingungen f\u00fcr die Nutzung der Website<\/h2><ul><li>Die Nutzung der Website durch jeden Dienstleistungsempf\u00e4nger ist kostenlos und freiwillig.<\/li><li>Die Dienstleistungsempf\u00e4nger m\u00fcssen die Allgemeinen Gesch\u00e4ftsbedingungen und die anderen Dokumente, die integraler Bestandteil der Allgemeinen Gesch\u00e4ftsbedingungen sind, lesen und ihre Bestimmungen vollst\u00e4ndig akzeptieren, um die Website weiterhin nutzen zu k\u00f6nnen.<\/li><li>Die Dienstleistungsempf\u00e4nger d\u00fcrfen die auf der Website erhaltenen personenbezogenen Daten nicht f\u00fcr Marketingzwecke verwenden.<\/li> <li>Technische Voraussetzungen f\u00fcr die Nutzung der Website:<ul><li>ein Ger\u00e4t mit einem Display, auf dem Webseiten angezeigt werden k\u00f6nnen,<\/li><li>Internetverbindung,<\/li><li>jeder Webbrowser, der Webseiten in \u00dcbereinstimmung mit den Standards und Bestimmungen des W3C-Konsortiums anzeigt und in HTML5 bereitgestellte Webseiten unterst\u00fctzt,<\/li><li>JavaScript aktiviert,<\/li><li>Cookies aktiviert<\/li><\/ul><\/li><li>Um die Sicherheit des Dienstanbieters, des Dienstleistungsempf\u00e4ngers und anderer Dienstleistungsempf\u00e4nger, die die Website nutzen, zu gew\u00e4hrleisten, sollten alle Dienstleistungsempf\u00e4nger, die die Website nutzen, die allgemein anerkannten <a href=\"https:\/\/nety.pl\/cyberbezpieczenstwo\/zasady-ogolne-korzystania-z-sieci-internet\/\" target=\"_blank\" rel=\"noopener nofollow\">Regeln f\u00fcr die Sicherheit im Internet<\/a>,<\/li> <li>Pers\u00f6nliche Handlungen von Empf\u00e4ngern oder Oprorgamming sind verboten:<ul><li>ohne schriftliche Genehmigung die Dekompilierung und Analyse des Quellcodes,<\/li><li>ohne schriftliche Genehmigung eine \u00fcberm\u00e4\u00dfige Belastung des Servers des Dienstes verursachen,<\/li><li>ohne schriftliche Zustimmung versucht, Schwachstellen in der Sicherheit und der Serverkonfiguration des Dienstes zu entdecken,<\/li><li>zu versuchen, Code, Skripte und Software auf den Server und in die Datenbank hochzuladen oder einzuschleusen, die der Software der Website, anderen Dienstleistungsempf\u00e4ngern oder dem Dienstanbieter Schaden zuf\u00fcgen k\u00f6nnen,<\/li><li>versuchen, Code, Skripte und Software auf den Server und in die Datenbank hochzuladen oder einzuschleusen, die Daten der Kunden oder des Dienstanbieters aufsp\u00fcren oder stehlen k\u00f6nnen,<\/li><li>Ma\u00dfnahmen zu ergreifen, um den Dienst zu besch\u00e4digen, seinen Betrieb zu blockieren oder zu verhindern, dass der Dienst seinen Zweck erf\u00fcllt.<\/li><\/ul><\/li><li>Im Falle der Entdeckung eines Cyber-Sicherheitsvorfalls oder eines m\u00f6glichen Vorfalls oder eines Versto\u00dfes gegen die RODO sollten die Dienstleistungsempf\u00e4nger dies in erster Linie dem Dienstleistungsanbieter melden, um das Problem\/die Bedrohung schnell zu beheben und die Interessen aller Dienstleistungsempf\u00e4nger zu wahren.<\/li><\/ul><h2>IV. Bedingungen und Konditionen des Newsletter-Dienstes<\/h2><ul><li>Die Empf\u00e4nger des Dienstes k\u00f6nnen die Website nutzen, ohne sich f\u00fcr den Newsletter anzumelden.<\/li><li>Das Abonnement des Newsletter-Dienstes ist freiwillig.<\/li><li>Das Abonnement des Newsletter-Dienstes ist kostenlos.<\/li> <li>Technische Voraussetzungen f\u00fcr den Newsletter-Dienst:<ul><li>ein eigenes E-Mail-Konto zu haben,<\/li><\/ul><\/li> <li>Allgemeine Gesch\u00e4ftsbedingungen f\u00fcr den Newsletter-Dienst:<ul><li>Bereitstellung eines individuellen E-Mail-Kontos in elektronischer Form,<\/li><li>Verifizierung des angegebenen E-Mail-Kontos durch Aktivierung des an dieses Konto gesendeten Links,<\/li><li>Zustimmung zum Erhalt von E-Mail-Benachrichtigungen,<\/li><\/ul><\/li> <li>Umfang des Newsletter-Dienstes:<ul><li>Benachrichtigung \u00fcber neue Nachrichten, Beitr\u00e4ge, Wettbewerbe und andere Werbeaktivit\u00e4ten im Zusammenhang mit den Dienstleistungen der Website,<\/li><li>Benachrichtigung \u00fcber Werbeaktivit\u00e4ten der Partner der Website (Marketingnachrichten),<\/li><\/ul><\/li><li>Abmeldung vom Newsletter-Dienst:<ul><li>Jeder Kunde, der den Newsletter-Dienst abonniert hat, hat die M\u00f6glichkeit, sich selbst von diesem Dienst abzumelden.<\/li><li>Die Empf\u00e4nger der Dienste k\u00f6nnen dies \u00fcber einen in jeder E-Mail enthaltenen Link tun.<\/li><li>Die Abmeldung vom Newsletter-Service f\u00fchrt zur L\u00f6schung der angegebenen E-Mail-Adresse aus der Datenbank des Dienstanbieters.<\/li><\/ul><\/li><\/ul><h2>V. Bedingungen f\u00fcr die Kommunikation und die Erbringung anderer Dienstleistungen auf der Website<\/h2><ul><li>Die Website bietet Dienste und Tools, die es den Dienstleistungsempf\u00e4ngern erm\u00f6glichen, mit der Website zu interagieren, und zwar in Form von:<ul><li>Kontakt-Formular<\/li><li>Kommentare zu Beitr\u00e4gen und Artikeln<\/li><li>Ver\u00f6ffentlichen Sie Ihre eigenen Inhalte in Form von Beitr\u00e4gen und Artikeln<\/li><li>Ver\u00f6ffentlichung eigener Inhalte in Form von grafischem und multimedialem Material<\/li><\/ul><\/li><li>Der Dienst bietet Kontaktinformationen in Form von:<ul><li>E-Mail Adresse<\/li><li>Telefonischer Kontakt<\/li><\/ul><\/li><li>Wenn der Kunde mit dem Dienstleister Kontakt aufnimmt, werden seine personenbezogenen Daten gem\u00e4\u00df \"<a href=\"https:\/\/punktdruckerei.de\/de\/datenschutzrichtlinie\/\">Datenschutzbestimmungen<\/a>\", das Bestandteil der Gesch\u00e4ftsordnung ist.<\/li><li>Bedingungen f\u00fcr die Ver\u00f6ffentlichung von Inhalten durch Dienstleistungsempf\u00e4nger auf der Website:<ul><li>Es ist verboten, auf der Website Inhalte zu ver\u00f6ffentlichen, die beleidigend oder verleumderisch gegen\u00fcber dem Dienstanbieter, anderen Dienstleistungsempf\u00e4ngern, Dritten und Dritten sind,<\/li><li>Es ist untersagt, auf der Website Texte, Grafiken, audiovisuelle Medien, Skripte, Programme und andere Werke zu ver\u00f6ffentlichen, f\u00fcr die der Kunde keine Lizenz besitzt oder deren Urheber der freien Ver\u00f6ffentlichung nicht zugestimmt hat,<\/li><li>Es ist verboten, vulg\u00e4re, pornografische und erotische Inhalte auf der Website zu ver\u00f6ffentlichen, ebenso wie Links zu Websites mit solchen Inhalten,<\/li><li>Es ist verboten, auf der Website Skripte und Programme zu platzieren, die den Server \u00fcberlasten, illegale Software, Software zur Verletzung der Sicherheit und andere \u00e4hnliche Aktivit\u00e4ten sowie Links zu Websites, die solche Materialien enthalten,<\/li><li>Es ist verboten, auf der Website Inhalte zu platzieren, die andere kommerzielle Dienste, Produkte, Dienstleistungen oder kommerzielle Websites bewerben oder anpreisen.<\/li><\/ul><\/li><\/ul><h2>VI. Erhebung von Daten \u00fcber Dienstleistungsempf\u00e4nger<\/h2><p>Damit der Dienstanbieter seine Dienste ordnungsgem\u00e4\u00df erbringen kann, um die rechtlichen Interessen des Dienstanbieters zu wahren und um sicherzustellen, dass der Dienstanbieter in \u00dcbereinstimmung mit dem geltenden Recht arbeitet, sammelt und verarbeitet der Dienstanbieter bestimmte Daten \u00fcber die Nutzer \u00fcber den Dienst.<\/p><p>Um ihre Dienste ordnungsgem\u00e4\u00df anbieten zu k\u00f6nnen, verwendet und speichert die Website bestimmte anonyme Informationen \u00fcber den Nutzer in Cookies.<\/p><p>Der Anwendungsbereich, die Zwecke, die Art und Weise und die Grunds\u00e4tze der Datenverarbeitung sind in den Anh\u00e4ngen zu den Verordnungen zu finden: \"<a href=\"https:\/\/punktdruckerei.de\/de\/informationspflicht-nach-rodo\/\">Informationspflicht nach RODO<\/a>\" und in \"<a href=\"https:\/\/punktdruckerei.de\/de\/datenschutzrichtlinie\/\">Datenschutzbestimmungen<\/a>\", die Bestandteil der Gesch\u00e4ftsordnung sind.<\/p><ul><li><em>Automatisch erfasste Daten:<\/em><br>F\u00fcr den reibungslosen Betrieb der Website und f\u00fcr Statistiken sammeln wir automatisch bestimmte Daten \u00fcber den Nutzer. Diese Daten umfassen:<ul><li>IP-Adresse<\/li><li>Browser-Typ<\/li><li>Bildschirmaufl\u00f6sung<\/li><li>Ungef\u00e4hrer Standort<\/li><li>Aufklappbare Unterseiten der Website<\/li><li>Verweildauer auf der entsprechenden Unterseite der Website<\/li><li>Art des Betriebssystems<\/li><li>Adresse der vorherigen Unterseite<\/li><li>Link-Adresse<\/li><li>Browser-Sprache<\/li><li>Geschwindigkeit der Internetverbindung<\/li><li>Internetdienstanbieter<\/li><li>Anonyme demografische Daten auf der Grundlage von Google Analytics-Daten: <ul><li>Geschlecht<\/li><li>Alter<\/li><li>Interessen<\/li><\/ul><\/li><li>Anonyme Daten, die f\u00fcr die Bereitstellung von Werbung erforderlich sind: <ul><li>Remarketing-Daten<\/li><li>Daten im Zusammenhang mit der Berichterstattung \u00fcber Display-Werbung<\/li><\/ul><\/li><\/ul><p>Die oben genannten Daten werden \u00fcber das Google-Analytics-Skript erhoben und sind anonym.<\/p><\/li><li><em>Daten, die bei der Anmeldung zum Newsletter erfasst werden:<\/em><br>E-Mail Adresse<\/li><\/ul><h2>VII. Urheberrecht<\/h2><ul><li>Der Dienstanbieter ist Eigent\u00fcmer der Website und besitzt das Urheberrecht an der Website.<\/li><li>Ein Teil der auf der Website ver\u00f6ffentlichten Daten ist urheberrechtlich gesch\u00fctzt und geh\u00f6rt Unternehmen, Institutionen und Dritten, die in keiner Weise mit dem Dienstanbieter verbunden sind, und wird unter erworbenen oder auf einer freien Lizenz basierenden Lizenzen verwendet.<\/li><li>Gem\u00e4\u00df dem Gesetz \u00fcber das Urheberrecht vom 4. Februar 1994 ist es verboten, Artikel, Beschreibungen, Fotos und andere Inhalte, Grafiken, Video- oder Audiomaterialien auf der Website ohne die schriftliche Zustimmung oder Genehmigung des Rechtsinhabers zu verwenden, zu kopieren, in irgendeiner Form zu reproduzieren oder in Suchsystemen zu speichern, mit Ausnahme der Suchmaschinen Google, Bing, Yahoo, NetSprint, DuckDuckGo, Facebook und LinkedIn.<\/li><li>Gem\u00e4\u00df dem Gesetz vom 4. Februar 1994 \u00fcber das Urheberrecht sind einfache Pressemitteilungen, die als reine Information ohne Kommentar oder Bewertung durch den Autor verstanden werden, nicht gesch\u00fctzt. Der Autor versteht darunter die M\u00f6glichkeit, Informationen aus den auf der Website bereitgestellten Texten zu verwenden, nicht aber die Vervielf\u00e4ltigung der gesamten oder eines Teils der Artikel, sofern dies nicht in den einzelnen auf der Website bereitgestellten Materialien angegeben ist.<\/li><\/ul><h2>VIII. \u00c4nderungen der Gesch\u00e4ftsordnung<\/h2><ul><li>Alle Bestimmungen der Allgemeinen Gesch\u00e4ftsbedingungen k\u00f6nnen vom Dienstanbieter jederzeit einseitig und ohne Angabe von Gr\u00fcnden ge\u00e4ndert werden.<\/li><li>Die \u00c4nderungen der Gesch\u00e4ftsordnung treten unmittelbar nach ihrer Ver\u00f6ffentlichung in Kraft.<\/li><li>Jeder Kunde, der die Website nach der \u00c4nderung der Gesch\u00e4ftsbedingungen weiter nutzt, wird so angesehen, als habe er sie in vollem Umfang akzeptiert.<\/li><\/ul><h2>IX. Schlussbestimmungen<\/h2><ul><li>Der Dienstanbieter haftet in keiner Weise, soweit dies nach geltendem Recht zul\u00e4ssig ist, f\u00fcr die von den Dienstleistungsempf\u00e4ngern \u00fcbermittelten und auf der Website ver\u00f6ffentlichten Inhalte, f\u00fcr deren Wahrheitsgehalt, Zuverl\u00e4ssigkeit, Authentizit\u00e4t oder rechtliche M\u00e4ngel.<\/li><li>Der Dienstanbieter wird sich bem\u00fchen, die Dienste der Website kontinuierlich anzubieten. Der Dienstanbieter haftet jedoch nicht f\u00fcr St\u00f6rungen, die durch h\u00f6here Gewalt oder unbefugte Eingriffe durch die Dienstleistungsempf\u00e4nger, Dritte oder die T\u00e4tigkeit externer automatisierter Programme verursacht werden.<\/li><li>Der Dienstanbieter beh\u00e4lt sich das Recht vor, alle auf der Website ver\u00f6ffentlichten Informationen zu einem vom Dienstanbieter gew\u00e4hlten Zeitpunkt zu \u00e4ndern, ohne die Empf\u00e4nger der Dienstleistungen, die die Website nutzen, vorher dar\u00fcber zu informieren.<\/li><li>Der Dienstanbieter beh\u00e4lt sich das Recht vor, die Website vor\u00fcbergehend ganz oder teilweise zu schlie\u00dfen, um sie zu verbessern, neue Dienste hinzuzuf\u00fcgen oder Wartungsarbeiten durchzuf\u00fchren, ohne die Nutzer des Dienstes vorher dar\u00fcber zu informieren.<\/li><li>Der Dienstanbieter beh\u00e4lt sich das Recht vor, den Dienst dauerhaft und ohne vorherige Benachrichtigung der Dienstleistungsempf\u00e4nger abzuschalten.<\/li><li>Der Dienstanbieter beh\u00e4lt sich das Recht vor, seine Rechte und Pflichten im Zusammenhang mit der Website ganz oder teilweise abzutreten, ohne dass der Kunde dem zustimmen oder dagegen Einspruch erheben kann.<\/li><li>Die aktuellen und fr\u00fcheren Nutzungsbedingungen k\u00f6nnen auf dieser Unterseite unter den aktuellen Nutzungsbedingungen eingesehen werden.<\/li><li>F\u00fcr alle Angelegenheiten, die den Betrieb der Website betreffen, wenden Sie sich bitte an den Dienstanbieter, indem Sie eine der folgenden Kontaktm\u00f6glichkeiten nutzen:<ul><li>\u00dcber das auf der Website verf\u00fcgbare Kontaktformular<\/li><li>Senden Sie eine E-Mail an: kontakt@punktdruckerei.de<\/li><li>Telefonisch: +48 602 445 690<\/li><\/ul>Kontaktaufnahme \u00fcber das angegebene Kommunikationsmittel ausschlie\u00dflich f\u00fcr Angelegenheiten im Zusammenhang mit dem Dienst.<\/li><\/ul><\/article>\n<\/p>\n<\/div> <\/section>","protected":false},"excerpt":{"rendered":"<p>Allgemeine Gesch\u00e4ftsbedingungen I. Allgemeine Gesch\u00e4ftsbedingungen - diese AGB Dienst - der Internetdienst \"Punktdruckerei.de\", betrieben unter https:\/\/punktdruckerei.de\/ Dienstanbieter -...<\/p>","protected":false},"author":2,"featured_media":0,"parent":0,"menu_order":0,"comment_status":"closed","ping_status":"closed","template":"","meta":{"_monsterinsights_skip_tracking":false,"_monsterinsights_sitenote_active":false,"_monsterinsights_sitenote_note":"","_monsterinsights_sitenote_category":0,"footnotes":""},"class_list":["post-501","page","type-page","status-publish","hentry"],"acf":[],"_links":{"self":[{"href":"https:\/\/punktdruckerei.de\/de\/wp-json\/wp\/v2\/pages\/501","targetHints":{"allow":["GET"]}}],"collection":[{"href":"https:\/\/punktdruckerei.de\/de\/wp-json\/wp\/v2\/pages"}],"about":[{"href":"https:\/\/punktdruckerei.de\/de\/wp-json\/wp\/v2\/types\/page"}],"author":[{"embeddable":true,"href":"https:\/\/punktdruckerei.de\/de\/wp-json\/wp\/v2\/users\/2"}],"replies":[{"embeddable":true,"href":"https:\/\/punktdruckerei.de\/de\/wp-json\/wp\/v2\/comments?post=501"}],"version-history":[{"count":6,"href":"https:\/\/punktdruckerei.de\/de\/wp-json\/wp\/v2\/pages\/501\/revisions"}],"predecessor-version":[{"id":510,"href":"https:\/\/punktdruckerei.de\/de\/wp-json\/wp\/v2\/pages\/501\/revisions\/510"}],"wp:attachment":[{"href":"https:\/\/punktdruckerei.de\/de\/wp-json\/wp\/v2\/media?parent=501"}],"curies":[{"name":"wp","href":"https:\/\/api.w.org\/{rel}","templated":true}]}}