{"id":506,"date":"2023-04-03T16:05:10","date_gmt":"2023-04-03T14:05:10","guid":{"rendered":"https:\/\/punktdruckerei.de\/?page_id=506"},"modified":"2023-12-15T14:41:29","modified_gmt":"2023-12-15T13:41:29","slug":"rodo","status":"publish","type":"page","link":"https:\/\/punktdruckerei.de\/de\/informationspflicht-nach-rodo\/","title":{"rendered":"Informationspflicht nach RODO"},"content":{"rendered":"<section class=\"wp-block-punkt-drukarnia-main-section-3 bg-Primary_dark px-5 relative\"> <div class=\"absolute bottom-8 left-2\/3 z-30 lg:bottom-16\"> <div class=\"relative\"> <div data-empty-placeholder=\"\" class=\"absolute bg-white left-8 square lg:left-16\"><\/div> <div data-empty-placeholder=\"\" class=\"absolute bg-Primary_dark square top-8 lg:top-16\"><\/div> <\/div> <\/div><div class=\"flex flex-row items-center justify-between max-w-screen-xl mx-auto py-28 md:pb-24 md:pt-32\"> <h2 data-aos=\"fade-right\" class=\"font-NotoSans font-extrabold font34 text-white\">Informationspflicht nach RODO<\/h2> <\/div> <\/section>\n\n\n\n<section class=\"wp-block-punkt-drukarnia-text-section px-5\"> <div data-aos=\"fade\" class=\"max-w-screen-xl mx-auto py-12 lg:py-16\">\n<article><h1 style=\"text-align:center\">Informationspflicht nach RODO<\/h1><p>Die folgenden Informationen sind eine knappe, verst\u00e4ndliche und klare Zusammenfassung der Informationen in der <a href=\"https:\/\/punktdruckerei.de\/de\/datenschutzrichtlinie\/\">Datenschutzbestimmungen<\/a> \u00fcber den f\u00fcr die Verarbeitung Verantwortlichen, den Zweck und die Art und Weise der Verarbeitung personenbezogener Daten und Ihre Rechte in Bezug auf diese Verarbeitung in der Form, die erforderlich ist, um der Informationspflicht des Datenschutzgesetzes nachzukommen. Einzelheiten \u00fcber die Art und Weise der Verarbeitung und die beteiligten Stellen sind in der angegebenen Richtlinie zu finden.<\/p><h2>Wer ist der f\u00fcr die Datenverarbeitung Verantwortliche?<\/h2><p>Der Verwalter der personenbezogenen Daten (nachstehend \"Verwalter\" genannt) ist das Unternehmen \"PUNKT DRUKARNIA CYFROWA EWA MATWIEJUK\", das seine T\u00e4tigkeit unter der Adresse: ul. Elewatorska 13\/8, 15-620 Bia\u0142ystok, mit zugeteilter Steueridentifikationsnummer (NIP): 5421559150, erbringt Dienstleistungen auf elektronischem Wege \u00fcber die Website<\/p><h2>Wie kann der f\u00fcr die Verarbeitung Verantwortliche kontaktiert werden?<\/h2><p>Der Administrator kann auf eine der folgenden Arten kontaktiert werden<\/p><ul><li><p><strong>Postanschrift<\/strong> - PUNKT DRUKARNIA CYFROWA EWA MATWIEJUK, Elewatorska Stra\u00dfe 13\/8, 15-620 Bia\u0142ystok<\/p><\/li> <li><p><strong>E-Mail Adresse<\/strong> - kontakt@punktdruckerei.de<\/p><\/li> <li><p><strong>Telefonanschluss<\/strong> &#8211; +48 602 445 690<\/p><\/li> <li><p><strong>Kontakt-Formular<\/strong> - verf\u00fcgbar unter: \/Kontakt<\/p><\/li><\/ul><h2>Hat der Verwalter einen Datenschutzbeauftragten ernannt?<\/h2><p>Gem\u00e4\u00df Artikel 37 RODO hat der Verwalter keinen Datenschutzbeauftragten ernannt.<\/p><p>Bei Fragen zur Datenverarbeitung, einschlie\u00dflich personenbezogener Daten, wenden Sie sich bitte direkt an den f\u00fcr die Verarbeitung Verantwortlichen.<\/p><h2>Woher erhalten wir personenbezogene Daten und was sind ihre Quellen?<\/h2><p>Die Daten stammen aus den folgenden Quellen:<\/p><ul><li>von betroffenen Personen<\/li><li>im Falle einer Registrierung \u00fcber soziale Netzwerke mit der informierten Zustimmung der betreffenden Personen von diesen sozialen Netzwerken<\/li><\/ul><h2>Welchen Umfang haben die von uns verarbeiteten personenbezogenen Daten?<\/h2><p>Die Dienstleistungsprozesse <strong>normale pers\u00f6nliche Daten<\/strong>von den Personen, auf die sie sich beziehen, freiwillig abgegeben werden<br \/><small>(z. B. Name, Login, E-Mail-Adresse, Telefon, IP-Adresse usw.).<\/small><\/p><p>Den genauen Umfang der verarbeiteten Daten finden Sie unter <a href=\"https:\/\/punktdruckerei.de\/de\/datenschutzrichtlinie\/\">Datenschutzbestimmungen<\/a>.<\/p><h2>Zu welchen Zwecken verarbeiten wir die Daten?<\/h2><p>Die von den Nutzern freiwillig zur Verf\u00fcgung gestellten personenbezogenen Daten werden zu einem der folgenden Zwecke verarbeitet:<\/p><ul><li>Einf\u00fchrung von elektronischen Dienstleistungen:<ul><li>Dienste f\u00fcr die Registrierung und Pflege Ihres Kontos auf der Website und die damit verbundenen Funktionen<\/li><li>Newsletter-Dienste (einschlie\u00dflich der Zusendung von Werbeinhalten mit Einwilligung)<\/li><li>Dienste zum Kommentieren\/Liken von Beitr\u00e4gen auf der Website, ohne sich zu registrieren<\/li><\/ul><\/li><li>Kommunikation des Administrators mit den Nutzern \u00fcber Angelegenheiten, die den Dienst und den Datenschutz betreffen<\/li><li>Zur Wahrung der berechtigten Interessen des Verwalters<\/li><\/ul><h2>Welche Rechtsgrundlagen gibt es f\u00fcr die Datenverarbeitung?<\/h2><p>Der Dienst sammelt und verarbeitet die Daten der Nutzer auf der Grundlage von:<\/p><ul><li>Verordnung (EU) 2016\/679 des Europ\u00e4ischen Parlaments und des Rates vom 27. April 2016 zum Schutz nat\u00fcrlicher Personen bei der Verarbeitung personenbezogener Daten, zum freien Datenverkehr und zur Aufhebung der Richtlinie 95\/46\/EG (Datenschutz-Grundverordnung)<ul><li>Artikel 6 Absatz 1 Buchstabe a)<br \/><small>die betroffene Person hat ihre Einwilligung zur Verarbeitung ihrer personenbezogenen Daten f\u00fcr einen oder mehrere bestimmte Zwecke gegeben<\/small><\/li><li>Artikel 6 Absatz 1 Buchstabe b)<br \/><small>die Verarbeitung ist f\u00fcr die Erf\u00fcllung eines Vertrags, dessen Vertragspartei die betroffene Person ist, oder f\u00fcr die Durchf\u00fchrung von Ma\u00dfnahmen erforderlich, die auf Antrag der betroffenen Person vor Abschluss eines Vertrags getroffen werden<\/small><\/li><li>Artikel 6 Absatz 1 Buchstabe f)<br \/><small>die Verarbeitung ist f\u00fcr die Wahrung der berechtigten Interessen des f\u00fcr die Verarbeitung Verantwortlichen oder eines Dritten erforderlich<\/small><\/li><\/ul><\/li><li>Gesetz vom 10. Mai 2018 \u00fcber den Schutz personenbezogener Daten (Gesetzblatt 2018, Punkt 1000)<\/li><li>Gesetz vom 16. Juli 2004. Telekommunikationsgesetz (Gesetzblatt 2004 Nr. 171 Pos. 1800)<\/li><li>Gesetz vom 4. Februar 1994 \u00fcber das Urheberrecht und verwandte Schutzrechte (Gesetzblatt 1994 Nr. 24, Pos. 83)<\/li><\/ul><h2>Welches ist das berechtigte Interesse, das der Verwalter verfolgt?<\/h2><ul><li>Die Rechtsgrundlage f\u00fcr die Verarbeitung ist unser berechtigtes Interesse (Artikel 6 Absatz 1 Buchstabe f RODO), unsere Rechte zu sch\u00fctzen, einschlie\u00dflich, aber nicht beschr\u00e4nkt auf, die Feststellung, Untersuchung oder Abwehr von Anspr\u00fcchen;<\/li><li>Um das Risiko potenzieller Kunden zu bewerten<\/li><li>Um die geplanten Marketingkampagnen zu bewerten<\/li><li>F\u00fcr Direktmarketing<\/li><\/ul><h2>Wie lange verarbeiten wir personenbezogene Daten?<\/h2><p>In der Regel werden die angegebenen personenbezogenen Daten nur f\u00fcr die Dauer der im Rahmen der Dienstleistung des Verwalters erbrachten Leistungen aufbewahrt. Sie werden gel\u00f6scht oder anonymisiert in der Zeit bis zu <strong>30 Tage nach Beendigung des Dienstes<\/strong> (z. B. L\u00f6schung eines registrierten Benutzerkontos, Abmeldung von der Newsletter-Liste usw.).<\/p><p>In Ausnahmesituationen kann diese Frist zur Wahrung des berechtigten Interesses des Verwalters verl\u00e4ngert werden. In einer solchen Situation speichert der Verwalter die angegebenen Daten ab dem Zeitpunkt des L\u00f6schungsantrags des Nutzers nicht l\u00e4nger als 3 Jahre, wenn die betroffene Person gegen die Bestimmungen der Website verst\u00f6\u00dft oder dies vermutet.<\/p><h2>Wer ist der Empf\u00e4nger der Daten, einschlie\u00dflich personenbezogener Daten?<\/h2><p>In der Regel ist der einzige Empf\u00e4nger der Daten der Administrator.<\/p><p>Die Datenverarbeitung kann jedoch anderen Stellen \u00fcbertragen werden, die f\u00fcr den Administrator Dienstleistungen erbringen, um den Betrieb der Website aufrechtzuerhalten.<\/p>Solche Einrichtungen k\u00f6nnen unter anderem sein:<ul><li>Hosting-Unternehmen, die dem Administrator Hosting- oder verwandte Dienste anbieten<\/li><li>Unternehmen, \u00fcber die der Newsletter-Dienst angeboten wird<\/li><li>IT-Dienstleistungs- und Supportunternehmen, die Wartungsarbeiten durchf\u00fchren oder f\u00fcr die Wartung der IT-Infrastruktur verantwortlich sind<\/li><\/ul><h2>Werden Ihre personenbezogenen Daten in L\u00e4nder au\u00dferhalb der Europ\u00e4ischen Union \u00fcbermittelt?<\/h2><p>Pers\u00f6nliche Daten <strong>nicht in L\u00e4nder au\u00dferhalb der Europ\u00e4ischen Union \u00fcbermittelt werden<\/strong>es sei denn, sie wurden infolge einer individuellen Handlung des Nutzers (z. B. Eingabe eines Kommentars oder Eintrags) ver\u00f6ffentlicht, wodurch die Daten jedem Besucher der Website zug\u00e4nglich gemacht werden.<\/li><\/ul><h2>Werden personenbezogene Daten die Grundlage f\u00fcr eine automatisierte Entscheidungsfindung sein?<\/h2><p>Pers\u00f6nliche Daten <strong>f\u00fcr die automatisierte Entscheidungsfindung verwendet werden<\/strong> (Profiling).<br \/>Das Profiling personenbezogener Daten hat keine rechtlichen Auswirkungen oder beeintr\u00e4chtigt die von der automatisierten Entscheidungsfindung betroffenen Personen in keiner Weise.<\/p><h2>Welche Rechte haben Sie in Bezug auf die Verarbeitung Ihrer personenbezogenen Daten?<\/h2><ul><li><p><strong>Recht auf Zugang zu personenbezogenen Daten<\/strong><br \/>Die Nutzer haben das Recht auf Zugang zu ihren pers\u00f6nlichen Daten, das sie auf Antrag beim Administrator aus\u00fcben k\u00f6nnen<\/p><\/li><li><p><strong>Recht auf Berichtigung der personenbezogenen Daten<\/strong><br \/>Die Nutzer haben das Recht, vom Verwalter die unverz\u00fcgliche Berichtigung unrichtiger personenbezogener Daten und\/oder die Vervollst\u00e4ndigung unvollst\u00e4ndiger personenbezogener Daten zu verlangen, die auf Antrag beim Verwalter durchgef\u00fchrt wird<\/p><\/li><li><p><strong>Recht auf L\u00f6schung der personenbezogenen Daten<\/strong><br \/>Die Nutzer haben das Recht, vom Verwalter die unverz\u00fcgliche L\u00f6schung ihrer personenbezogenen Daten zu verlangen, was auf Antrag an den Verwalter erfolgt. <br \/><br \/>Im Falle von Benutzerkonten besteht die L\u00f6schung der Daten in der Anonymisierung der identifizierbaren Daten des Benutzers.<br \/><br \/>Im Falle des Newsletter-Dienstes hat der Nutzer die M\u00f6glichkeit, seine pers\u00f6nlichen Daten selbst zu l\u00f6schen, indem er den in jeder versandten E-Mail enthaltenen Link benutzt.<\/p><\/li><li><p><strong>Recht auf Einschr\u00e4nkung der Verarbeitung von personenbezogenen Daten<\/strong><br \/>Die Nutzer haben das Recht, die Verarbeitung ihrer personenbezogenen Daten in den in Artikel 18 der RODO genannten F\u00e4llen einzuschr\u00e4nken, z. B. die Richtigkeit ihrer personenbezogenen Daten in Frage zu stellen, was auf Antrag beim Administrator erfolgt<\/p><\/li><li><p><strong>Recht auf Daten\u00fcbertragbarkeit<\/strong><br \/>Die Nutzer haben das Recht, vom Verwalter die sie betreffenden personenbezogenen Daten in einem strukturierten, g\u00e4ngigen und maschinenlesbaren Format zu erhalten, und zwar auf Antrag an den Verwalter<\/p><\/li><li><p><strong>Recht auf Widerspruch gegen die Verarbeitung von personenbezogenen Daten<\/strong><br \/>Die Nutzer haben das Recht, sich der Verarbeitung ihrer personenbezogenen Daten in den in Artikel 21 der RODO genannten F\u00e4llen zu widersetzen; dieses Recht wird auf Antrag an den Administrator ausge\u00fcbt<\/p><\/li><li><p><strong>Recht auf Klage<\/strong><br \/>Die Nutzer haben das Recht, eine Beschwerde bei der Datenschutzaufsichtsbeh\u00f6rde einzureichen.<\/p><\/li><\/ul><\/article>\n<\/p>\n\n\n\n\n<p><!-- \/wp:post-content --><\/p>","protected":false},"excerpt":{"rendered":"","protected":false},"author":2,"featured_media":0,"parent":0,"menu_order":0,"comment_status":"closed","ping_status":"closed","template":"","meta":{"_monsterinsights_skip_tracking":false,"_monsterinsights_sitenote_active":false,"_monsterinsights_sitenote_note":"","_monsterinsights_sitenote_category":0,"footnotes":""},"class_list":["post-506","page","type-page","status-publish","hentry"],"acf":[],"_links":{"self":[{"href":"https:\/\/punktdruckerei.de\/de\/wp-json\/wp\/v2\/pages\/506","targetHints":{"allow":["GET"]}}],"collection":[{"href":"https:\/\/punktdruckerei.de\/de\/wp-json\/wp\/v2\/pages"}],"about":[{"href":"https:\/\/punktdruckerei.de\/de\/wp-json\/wp\/v2\/types\/page"}],"author":[{"embeddable":true,"href":"https:\/\/punktdruckerei.de\/de\/wp-json\/wp\/v2\/users\/2"}],"replies":[{"embeddable":true,"href":"https:\/\/punktdruckerei.de\/de\/wp-json\/wp\/v2\/comments?post=506"}],"version-history":[{"count":4,"href":"https:\/\/punktdruckerei.de\/de\/wp-json\/wp\/v2\/pages\/506\/revisions"}],"predecessor-version":[{"id":514,"href":"https:\/\/punktdruckerei.de\/de\/wp-json\/wp\/v2\/pages\/506\/revisions\/514"}],"wp:attachment":[{"href":"https:\/\/punktdruckerei.de\/de\/wp-json\/wp\/v2\/media?parent=506"}],"curies":[{"name":"wp","href":"https:\/\/api.w.org\/{rel}","templated":true}]}}