{"id":54,"date":"2023-03-20T00:35:54","date_gmt":"2023-03-19T23:35:54","guid":{"rendered":"https:\/\/punktdruckerei.de\/?page_id=54"},"modified":"2023-12-15T13:05:07","modified_gmt":"2023-12-15T12:05:07","slug":"projekt-ue","status":"publish","type":"page","link":"https:\/\/punktdruckerei.de\/de\/ue-projekt\/","title":{"rendered":"EU-Projekt"},"content":{"rendered":"<section class=\"wp-block-punkt-drukarnia-main-section-3 bg-Primary_dark px-5 relative\"> <div class=\"absolute bottom-8 left-2\/3 z-30 lg:bottom-16\"> <div class=\"relative\"> <div data-empty-placeholder=\"\" class=\"absolute bg-white left-8 square lg:left-16\"><\/div> <div data-empty-placeholder=\"\" class=\"absolute bg-Primary_dark square top-8 lg:top-16\"><\/div> <\/div> <\/div><div class=\"flex flex-row items-center justify-between max-w-screen-xl mx-auto py-28 md:pb-24 md:pt-32\"> <h1 data-aos=\"fade-right\" class=\"font-NotoSans font-extrabold font34 text-white\">EU-Projekt<\/h1> <\/div> <\/section>\n\n\n\n<section class=\"wp-block-punkt-drukarnia-text-section px-5\"> <div data-aos=\"fade\" class=\"max-w-screen-xl mx-auto py-12 lg:py-16\">\n<p class=\"wp-block-punkt-drukarnia-text-section-heading font-medium font-sans text-2xl text-Primary_dark\">01. Lorem Ipsum ist einfach ein Blindtext f\u00fcr den Druck?<\/p>\n\n\n\n<p class=\"wp-block-punkt-drukarnia-text-section-text font-normal font-sans pb-10 pt-8 text-Primary_dark text-lg lg:pb-16 lg:pt-10\">Lorem Ipsum ist einfach nur ein Blindtext der Druckindustrie? Lorem Ipsum ist einfach der Blindtext der Druck- und Setzindustrie. Lorem Ipsum ist seit dem Jahr 1500, als ein unbekannter Drucker eine Druckfahne nahm und sie zu einem Musterbuch zusammensetzte, der Standard-Blindtext der Branche. Er hat nicht nur f\u00fcnf Jahrhunderte \u00fcberlebt, sondern auch den Sprung zum elektronischen Schriftsatz und ist im Wesentlichen unver\u00e4ndert geblieben. Popul\u00e4r wurde es in den 1960er Jahren mit der Ver\u00f6ffentlichung von Letraset-B\u00f6gen, die Lorem Ipsum-Passagen enthielten, und in j\u00fcngerer Zeit mit Desktop-Publishing-Software wie Aldus PageMaker, die Versionen von Lorem Ipsum enthielt. 02. Lorem Ipsum ist einfach nur Blindtext f\u00fcr den Druck? Lorem Ipsum ist einfach nur ein Blindtext der Druck- und Setzindustrie. Lorem Ipsum ist seit dem Jahr 1500, als ein unbekannter Drucker eine Druckfahne nahm und sie zu einem Musterbuch zusammensetzte, der Standard-Blindtext der Branche. Er hat nicht nur f\u00fcnf Jahrhunderte \u00fcberlebt, sondern auch den Sprung zum elektronischen Schriftsatz und ist im Wesentlichen unver\u00e4ndert geblieben. Popul\u00e4r wurde es in den 1960er Jahren mit der Ver\u00f6ffentlichung von Letraset-B\u00f6gen, die Lorem Ipsum-Passagen enthielten, und in j\u00fcngerer Zeit mit Desktop-Publishing-Software wie Aldus PageMaker, die Versionen von Lorem Ipsum enthielt. 03. Lorem Ipsum ist einfach nur Blindtext f\u00fcr den Druck? Lorem Ipsum ist einfach nur ein Blindtext der Druck- und Setzindustrie. Lorem Ipsum ist seit dem Jahr 1500, als ein unbekannter Drucker eine Druckfahne nahm und sie zu einem Musterbuch zusammensetzte, der Standard-Blindtext der Branche. Er hat nicht nur f\u00fcnf Jahrhunderte \u00fcberlebt, sondern auch den Sprung zum elektronischen Schriftsatz und ist im Wesentlichen unver\u00e4ndert geblieben. Popul\u00e4r wurde sie in den 1960er Jahren in<\/p>\n\n\n\n<p class=\"wp-block-punkt-drukarnia-text-section-heading font-medium font-sans text-2xl text-Primary_dark\">02. Lorem Ipsum ist einfach ein Blindtext f\u00fcr den Druck?<\/p>\n\n\n\n<p class=\"wp-block-punkt-drukarnia-text-section-text font-normal font-sans pb-10 pt-8 text-Primary_dark text-lg lg:pb-16 lg:pt-10\">Lorem Ipsum ist einfach nur ein Blindtext der Druckindustrie? Lorem Ipsum ist einfach der Blindtext der Druck- und Setzindustrie. Lorem Ipsum ist seit dem Jahr 1500, als ein unbekannter Drucker eine Druckfahne nahm und sie zu einem Musterbuch zusammensetzte, der Standard-Blindtext der Branche. Er hat nicht nur f\u00fcnf Jahrhunderte \u00fcberlebt, sondern auch den Sprung zum elektronischen Schriftsatz und ist im Wesentlichen unver\u00e4ndert geblieben. Popul\u00e4r wurde es in den 1960er Jahren mit der Ver\u00f6ffentlichung von Letraset-B\u00f6gen, die Lorem Ipsum-Passagen enthielten, und in j\u00fcngerer Zeit mit Desktop-Publishing-Software wie Aldus PageMaker, die Versionen von Lorem Ipsum enthielt. 02. Lorem Ipsum ist einfach nur Blindtext f\u00fcr den Druck? Lorem Ipsum ist einfach nur ein Blindtext der Druck- und Setzindustrie. Lorem Ipsum ist seit dem Jahr 1500, als ein unbekannter Drucker eine Druckfahne nahm und sie zu einem Musterbuch zusammensetzte, der Standard-Blindtext der Branche. Er hat nicht nur f\u00fcnf Jahrhunderte \u00fcberlebt, sondern auch den Sprung zum elektronischen Schriftsatz und ist im Wesentlichen unver\u00e4ndert geblieben. Popul\u00e4r wurde es in den 1960er Jahren mit der Ver\u00f6ffentlichung von Letraset-B\u00f6gen, die Lorem Ipsum-Passagen enthielten, und in j\u00fcngerer Zeit mit Desktop-Publishing-Software wie Aldus PageMaker, die Versionen von Lorem Ipsum enthielt. 03. Lorem Ipsum ist einfach nur Blindtext f\u00fcr den Druck? Lorem Ipsum ist einfach nur ein Blindtext der Druck- und Setzindustrie. Lorem Ipsum ist seit dem Jahr 1500, als ein unbekannter Drucker eine Druckfahne nahm und sie zu einem Musterbuch zusammensetzte, der Standard-Blindtext der Branche. Er hat nicht nur f\u00fcnf Jahrhunderte \u00fcberlebt, sondern auch den Sprung zum elektronischen Schriftsatz und ist im Wesentlichen unver\u00e4ndert geblieben. Popul\u00e4r wurde sie in den 1960er Jahren in<\/p>\n\n\n\n<p class=\"wp-block-punkt-drukarnia-text-section-heading font-medium font-sans text-2xl text-Primary_dark\">03. Lorem Ipsum ist einfach ein Blindtext f\u00fcr den Druck?<\/p>\n\n\n\n<p class=\"wp-block-punkt-drukarnia-text-section-text font-normal font-sans pb-10 pt-8 text-Primary_dark text-lg lg:pb-16 lg:pt-10\">Lorem Ipsum ist einfach nur ein Blindtext der Druckindustrie? Lorem Ipsum ist einfach der Blindtext der Druck- und Setzindustrie. Lorem Ipsum ist seit dem Jahr 1500, als ein unbekannter Drucker eine Druckfahne nahm und sie zu einem Musterbuch zusammensetzte, der Standard-Blindtext der Branche. Er hat nicht nur f\u00fcnf Jahrhunderte \u00fcberlebt, sondern auch den Sprung zum elektronischen Schriftsatz und ist im Wesentlichen unver\u00e4ndert geblieben. Popul\u00e4r wurde es in den 1960er Jahren mit der Ver\u00f6ffentlichung von Letraset-B\u00f6gen, die Lorem Ipsum-Passagen enthielten, und in j\u00fcngerer Zeit mit Desktop-Publishing-Software wie Aldus PageMaker, die Versionen von Lorem Ipsum enthielt. 02. Lorem Ipsum ist einfach nur Blindtext f\u00fcr den Druck? Lorem Ipsum ist einfach nur ein Blindtext der Druck- und Setzindustrie. Lorem Ipsum ist seit dem Jahr 1500, als ein unbekannter Drucker eine Druckfahne nahm und sie zu einem Musterbuch zusammensetzte, der Standard-Blindtext der Branche. Er hat nicht nur f\u00fcnf Jahrhunderte \u00fcberlebt, sondern auch den Sprung zum elektronischen Schriftsatz und ist im Wesentlichen unver\u00e4ndert geblieben. Popul\u00e4r wurde es in den 1960er Jahren mit der Ver\u00f6ffentlichung von Letraset-B\u00f6gen, die Lorem Ipsum-Passagen enthielten, und in j\u00fcngerer Zeit mit Desktop-Publishing-Software wie Aldus PageMaker, die Versionen von Lorem Ipsum enthielt. 03. Lorem Ipsum ist einfach nur Blindtext f\u00fcr den Druck? Lorem Ipsum ist einfach nur ein Blindtext der Druck- und Setzindustrie. Lorem Ipsum ist seit dem Jahr 1500, als ein unbekannter Drucker eine Druckfahne nahm und sie zu einem Musterbuch zusammensetzte, der Standard-Blindtext der Branche. Er hat nicht nur f\u00fcnf Jahrhunderte \u00fcberlebt, sondern auch den Sprung zum elektronischen Schriftsatz und ist im Wesentlichen unver\u00e4ndert geblieben. Popul\u00e4r wurde sie in den 1960er Jahren in<\/p>\n\n\n\n<p class=\"wp-block-punkt-drukarnia-text-section-heading font-medium font-sans text-2xl text-Primary_dark\">04. Lorem Ipsum ist einfach Blindtext f\u00fcr den Druck?<\/p>\n\n\n\n<p class=\"wp-block-punkt-drukarnia-text-section-text font-normal font-sans pb-10 pt-8 text-Primary_dark text-lg lg:pb-16 lg:pt-10\">Lorem Ipsum ist einfach nur ein Blindtext der Druckindustrie? Lorem Ipsum ist einfach der Blindtext der Druck- und Setzindustrie. Lorem Ipsum ist seit dem Jahr 1500, als ein unbekannter Drucker eine Druckfahne nahm und sie zu einem Musterbuch zusammensetzte, der Standard-Blindtext der Branche. Er hat nicht nur f\u00fcnf Jahrhunderte \u00fcberlebt, sondern auch den Sprung zum elektronischen Schriftsatz und ist im Wesentlichen unver\u00e4ndert geblieben. Popul\u00e4r wurde es in den 1960er Jahren mit der Ver\u00f6ffentlichung von Letraset-B\u00f6gen, die Lorem Ipsum-Passagen enthielten, und in j\u00fcngerer Zeit mit Desktop-Publishing-Software wie Aldus PageMaker, die Versionen von Lorem Ipsum enthielt. 02. Lorem Ipsum ist einfach nur Blindtext f\u00fcr den Druck? Lorem Ipsum ist einfach nur ein Blindtext der Druck- und Setzindustrie. Lorem Ipsum ist seit dem Jahr 1500, als ein unbekannter Drucker eine Druckfahne nahm und sie zu einem Musterbuch zusammensetzte, der Standard-Blindtext der Branche. Er hat nicht nur f\u00fcnf Jahrhunderte \u00fcberlebt, sondern auch den Sprung zum elektronischen Schriftsatz und ist im Wesentlichen unver\u00e4ndert geblieben. Popul\u00e4r wurde es in den 1960er Jahren mit der Ver\u00f6ffentlichung von Letraset-B\u00f6gen, die Lorem Ipsum-Passagen enthielten, und in j\u00fcngerer Zeit mit Desktop-Publishing-Software wie Aldus PageMaker, die Versionen von Lorem Ipsum enthielt. 03. Lorem Ipsum ist einfach nur Blindtext f\u00fcr den Druck? Lorem Ipsum ist einfach nur ein Blindtext der Druck- und Setzindustrie. Lorem Ipsum ist seit dem Jahr 1500, als ein unbekannter Drucker eine Druckfahne nahm und sie zu einem Musterbuch zusammensetzte, der Standard-Blindtext der Branche. Er hat nicht nur f\u00fcnf Jahrhunderte \u00fcberlebt, sondern auch den Sprung zum elektronischen Schriftsatz und ist im Wesentlichen unver\u00e4ndert geblieben. Popul\u00e4r wurde sie in den 1960er Jahren in<\/p>\n<\/div> <\/section>","protected":false},"excerpt":{"rendered":"","protected":false},"author":1,"featured_media":0,"parent":0,"menu_order":0,"comment_status":"closed","ping_status":"closed","template":"","meta":{"_monsterinsights_skip_tracking":false,"_monsterinsights_sitenote_active":false,"_monsterinsights_sitenote_note":"","_monsterinsights_sitenote_category":0,"footnotes":""},"class_list":["post-54","page","type-page","status-publish","hentry"],"acf":[],"_links":{"self":[{"href":"https:\/\/punktdruckerei.de\/de\/wp-json\/wp\/v2\/pages\/54","targetHints":{"allow":["GET"]}}],"collection":[{"href":"https:\/\/punktdruckerei.de\/de\/wp-json\/wp\/v2\/pages"}],"about":[{"href":"https:\/\/punktdruckerei.de\/de\/wp-json\/wp\/v2\/types\/page"}],"author":[{"embeddable":true,"href":"https:\/\/punktdruckerei.de\/de\/wp-json\/wp\/v2\/users\/1"}],"replies":[{"embeddable":true,"href":"https:\/\/punktdruckerei.de\/de\/wp-json\/wp\/v2\/comments?post=54"}],"version-history":[{"count":8,"href":"https:\/\/punktdruckerei.de\/de\/wp-json\/wp\/v2\/pages\/54\/revisions"}],"predecessor-version":[{"id":881,"href":"https:\/\/punktdruckerei.de\/de\/wp-json\/wp\/v2\/pages\/54\/revisions\/881"}],"wp:attachment":[{"href":"https:\/\/punktdruckerei.de\/de\/wp-json\/wp\/v2\/media?parent=54"}],"curies":[{"name":"wp","href":"https:\/\/api.w.org\/{rel}","templated":true}]}}