{"id":42,"date":"2023-03-20T00:34:14","date_gmt":"2023-03-19T23:34:14","guid":{"rendered":"https:\/\/punktdruckerei.de\/?page_id=42"},"modified":"2023-11-21T12:16:08","modified_gmt":"2023-11-21T11:16:08","slug":"fronty-do-paneli-sterowania","status":"publish","type":"page","link":"https:\/\/punktdruckerei.de\/pl\/fronty-do-paneli-sterowania\/","title":{"rendered":"Fronty do paneli sterowania"},"content":{"rendered":"\n<section class=\"wp-block-punkt-drukarnia-main-section-2 bg-Primary_dark px-5\"> <div class=\"flex flex-col main-section max-w-screen-xl mx-auto pb-8 space-y-20 lg:flex-row lg:pb-16 lg:space-x-10 lg:space-y-0 xl:space-x-32\">  <div class=\"lg:w-6\/12\">  <p data-aos=\"fade-right\" class=\"font-medium pb-4 text-white text-xs tracking-widest uppercase\">oferta<\/p> <h1 data-aos=\"fade-right\" class=\"font-NotoSans font-extrabold font34 leading-tight pb-5 text-white width510\">Panele frontowe do maszyn<\/h1> <p data-aos=\"fade-right\" class=\"font-normal font-sans pb-16 text-base text-white width510\">Produkujemy fronty do\u00a0paneli sterowania oraz p\u0142yty czo\u0142owe stosowane do maszyn i urz\u0105dze\u0144. <\/p>  <\/div> <div class=\"flex flex-col lg:justify-center lg:w-8\/12\"> <div class=\"relative w-full\"> <div data-empty-placeholder=\"\" class=\"absolute bg-Primary_dark right-0 square lg:z-30\"><\/div> <\/div><img loading=\"lazy\" decoding=\"async\" width=\"1000\" height=\"668\" data-aos=\"fade\" src=\"https:\/\/punktdruckerei.de\/wp-content\/uploads\/2023\/04\/cnc-machine-control-panel-min.jpg\" class=\"lg:max-h-full lg:w-auto max-h-96 object-cover w-full wp-image-535\" srcset=\"https:\/\/punktdruckerei.de\/wp-content\/uploads\/2023\/04\/cnc-machine-control-panel-min.jpg 1000w, https:\/\/punktdruckerei.de\/wp-content\/uploads\/2023\/04\/cnc-machine-control-panel-min-300x200.jpg 300w, https:\/\/punktdruckerei.de\/wp-content\/uploads\/2023\/04\/cnc-machine-control-panel-min-768x513.jpg 768w, https:\/\/punktdruckerei.de\/wp-content\/uploads\/2023\/04\/cnc-machine-control-panel-min-18x12.jpg 18w\" sizes=\"auto, (max-width: 1000px) 100vw, 1000px\" \/><div class=\"relative w-full\"> <div class=\"absolute bottom-8 z-30 lg:bottom-16 lg:left-32\"> <div class=\"relative\"> <div data-empty-placeholder=\"\" class=\"absolute bg-Primary_yellow bottom-0 square\"><\/div> <div data-empty-placeholder=\"\" class=\"absolute bg-Primary_dark left-8 square lg:left-16\"><\/div><div data-empty-placeholder=\"\" class=\"-bottom-16 absolute bg-white left-16 square lg:-bottom-32 lg:left-32\"><\/div><div data-empty-placeholder=\"\" class=\"-bottom-24 absolute bg-Primary_dark left-16 square lg:-bottom-48 lg:left-32\"><\/div> <\/div> <\/div>  <\/div> <\/div>  <\/div> <\/section>\n\n\n\n<section class=\"wp-block-punkt-drukarnia-content-section-3 px-5 py-24\"> <div class=\"flex flex-col lg:flex-row lg:justify-between max-w-screen-xl mx-auto pb-10\"> <h2 data-aos=\"fade-right\" class=\"font-NotoSans font-extrabold font34 leading-tight text-Primary_dark lg:w-7\/12 xl:w-6\/12\">Panele frontowe dopasowane<br>do Twoich potrzeb<\/h2> <p data-aos=\"fade-left\" class=\"font-normal font-sans pt-3 text-Primary_dark text-base lg:w-5\/12\">Ze wzgl\u0119du na r\u00f3\u017cnorodno\u015b\u0107 zastosowa\u0144 produktu ka\u017cdorazowo dopasowujemy materia\u0142y podk\u0142adowe do potrzeb Klienta.<\/p> <\/div> <div class=\"flex flex-col max-w-screen-xl mx-auto lg:flex-row-reverse lg:gap-20 xl:gap-40 2xl:gap-64\"> <div class=\"max-h-96 overflow-hidden lg:max-h-full lg:w-7\/12\"> <img loading=\"lazy\" decoding=\"async\" width=\"1000\" height=\"667\" data-aos=\"fade\" src=\"https:\/\/punktdruckerei.de\/wp-content\/uploads\/2023\/04\/machine-control-panel-factory-min.jpg\" class=\"lg:h-full object-cover w-full wp-image-537\" srcset=\"https:\/\/punktdruckerei.de\/wp-content\/uploads\/2023\/04\/machine-control-panel-factory-min.jpg 1000w, https:\/\/punktdruckerei.de\/wp-content\/uploads\/2023\/04\/machine-control-panel-factory-min-300x200.jpg 300w, https:\/\/punktdruckerei.de\/wp-content\/uploads\/2023\/04\/machine-control-panel-factory-min-768x512.jpg 768w, https:\/\/punktdruckerei.de\/wp-content\/uploads\/2023\/04\/machine-control-panel-factory-min-18x12.jpg 18w\" sizes=\"auto, (max-width: 1000px) 100vw, 1000px\" \/> <\/div> <div data-aos=\"fade-up\" class=\"pt-10 lg:w-7\/12\"> <p class=\"font-normal font-sans text-Primary_dark text-base\">Przewa\u017c\u0105j\u0105c\u0105 cz\u0119\u015b\u0107 produkcji stanowi\u0105 panele z LEXANU z drukiem wykonanym od strony wewn\u0119trznej oraz z aluminium anodowanego.<br>Panele mog\u0105 by\u0107 wyposa\u017cone w otwory umo\u017cliwiaj\u0105ce monta\u017c przycisk\u00f3w lub wy\u015bwietlaczy oraz b\u0142on\u0119 klejow\u0105.<\/p> <div class=\"grid grid-cols-1 sm:grid-cols-2 md:w-10\/12 lg:gap-8 lg:pt-12 lg:w-full\">\n<div class=\"wp-block-punkt-drukarnia-content-section-3-child flex flex-row pt-7 lg:flex-col lg:pt-0\"> <div class=\"bg-Primary_yellow flex items-center justify-center yellow-circle\"> <svg xmlns=\"http:\/\/www.w3.org\/2000\/svg\" width=\"13\" height=\"10\" fill=\"none\"> <path stroke=\"#1B1B11\" stroke-linecap=\"round\" stroke-linejoin=\"round\" stroke-width=\"1.2\" d=\"M1 4.75 4.75 8.5l7.5-7.5\"><\/path> <\/svg> <\/div> <p class=\"font-extrabold font-sans pl-5 text-Primary_dark text-base lg:pl-0 lg:pt-3\">Z Lexanu z nadrukiem<br>wykonanym od spodu<\/p> <\/div>\n\n\n\n<div class=\"wp-block-punkt-drukarnia-content-section-3-child flex flex-row pt-7 lg:flex-col lg:pt-0\"> <div class=\"bg-Primary_yellow flex items-center justify-center yellow-circle\"> <svg xmlns=\"http:\/\/www.w3.org\/2000\/svg\" width=\"13\" height=\"10\" fill=\"none\"> <path stroke=\"#1B1B11\" stroke-linecap=\"round\" stroke-linejoin=\"round\" stroke-width=\"1.2\" d=\"M1 4.75 4.75 8.5l7.5-7.5\"><\/path> <\/svg> <\/div> <p class=\"font-extrabold font-sans pl-5 text-Primary_dark text-base lg:pl-0 lg:pt-3\">Z Aluminium anodowanego<br>z grawerem laserowym<\/p> <\/div>\n<\/div> <\/div> <\/div> <\/section>\n\n\n<section class=\"mb-28 px-5 \" id=\"according-section-block_5787510199406530021cc16bd6fa084c\">\n    <div class=\"max-w-screen-xl mx-auto\">\n        <div data-aos=\"fade-down\" class=\"flex flex-col md:flex-row md:justify-between\">\n            <h2 class=\"all-font34 font-NotoSans font-extrabold pb-7 text-Primary_dark md:pb-0\">Rodzaje front\u00f3w<\/h2>\n            <button id=\"accordion-open\" class=\"bg-Primary_dark flex items-center mx-auto px-4 py-3 w-full md:mx-0 md:w-48 font-bold font-sans text-Primary_yellow text-sm w-full md:pl-4\">\n                <svg xmlns=\"http:\/\/www.w3.org\/2000\/svg\" width=\"22\" height=\"22\" fill=\"none\" class=\"h-6 w-6 mr-3\">\n                    <path stroke=\"#FCDD17\" stroke-linecap=\"round\" stroke-linejoin=\"round\" stroke-width=\"2\" d=\"M10.412 19.889h-7.06a2.425 2.425 0 0 1-1.663-.651A2.162 2.162 0 0 1 1 17.667V4.333c0-.59.248-1.154.69-1.571a2.425 2.425 0 0 1 1.663-.65h7.059M17.47 13.222V21M17.47 1v7.778M13.941 17.666 17.471 21 21 17.666M13.941 4.333 17.471 1 21 4.333\"\/>\n                <\/svg>\n                <p>Rozwi\u0144 wszystkie<\/p>\n                <p>Zwi\u0144 wszystkie<\/p>\n            <\/button>\n        <\/div>\n                    <div data-accordion=\"open\" data-aos=\"fade-up\" class=\"border-Primary_dark border-solid border-t mt-7 lg:mt-11\">\n                                    <div accordion class=\"border-Primary_dark border-b border-solid\">\n                        <button accordion-button class=\"accordion-button flex flex-row items-center px-3 py-5 w-full\">\n                            <p class=\"font-bold font-sans font-size16-21 text-Primary_dark text-left w-full\">FRONTY DO PANELI STEROWANIA<\/p>\n                            <svg xmlns=\"http:\/\/www.w3.org\/2000\/svg\" width=\"15\" height=\"9\" fill=\"none\">\n                                <path fill=\"#1B1B11\" d=\"M7.5 8.55c-.269 0-.538-.102-.743-.307l-6.45-6.45A1.05 1.05 0 1 1 1.794.308L7.5 6.015 13.207.308a1.05 1.05 0 1 1 1.485 1.485l-6.45 6.45a1.047 1.047 0 0 1-.742.307Z\"\/>\n                            <\/svg>\n                        <\/button>\n                        <div accordion-panel class=\"accordion-panel flex flex-col\">\n                            <div class=\"flex flex-col pb-5 pt-10 md:flex-row md:space-x-10 lg:space-x-20 xl:space-x-40 2xl:space-x-56\">\n                                <div class=\"properties-slider relative splide md:max-w-md md:w-6\/12\">\n                                    <div class=\"absolute flex justify-between mt-10 splide__arrows top-1\/3 w-full z-20\">\n                                        <button class=\"flex group h-6 hover:bg-black items-center justify-center splide__arrow splide__arrow--prev w-6\">\n                                            <svg width=\"11\" height=\"5\" viewBox=\"0 0 11 5\" fill=\"none\" xmlns=\"http:\/\/www.w3.org\/2000\/svg\">\n                                                <path d=\"M10 2.38281L0.832832 2.38281\" stroke=\"#1B1B11\" stroke-width=\"1.2\" stroke-linecap=\"round\" stroke-linejoin=\"round\" class=\"group-hover:stroke-white\"\/>\n                                                <path d=\"M2.45215 4L0.834413 2.38226L2.45215 0.764529\" stroke=\"#1B1B11\" stroke-width=\"1.2\" stroke-linecap=\"round\" stroke-linejoin=\"round\" class=\"group-hover:stroke-white\"\/>\n                                            <\/svg>\n                                        <\/button>\n                                        <button class=\"flex group h-6 hover:bg-black items-center justify-center splide__arrow splide__arrow--next w-6\">\n                                            <svg width=\"11\" height=\"5\" viewBox=\"0 0 11 5\" fill=\"none\" xmlns=\"http:\/\/www.w3.org\/2000\/svg\">\n                                                <path d=\"M0.832764 2.38184L9.99993 2.38184\" stroke=\"#1B1B11\" stroke-width=\"1.2\" stroke-linecap=\"round\" stroke-linejoin=\"round\" class=\"group-hover:stroke-white\"\/>\n                                                <path d=\"M8.38062 0.764648L9.99835 2.38238L8.38062 4.00012\" stroke=\"#1B1B11\" stroke-width=\"1.2\" stroke-linecap=\"round\" stroke-linejoin=\"round\" class=\"group-hover:stroke-white\"\/>\n                                            <\/svg>\n                                        <\/button>\n                                    <\/div>\n                                    <div class=\"splide__track\">\n                                                                                    <div class=\"splide__list\">\n                                                                                                    <img decoding=\"async\" src=\"https:\/\/punktdruckerei.de\/wp-content\/uploads\/2023\/03\/front1b.webp\" class=\"max-h-80 mx-auto object-contain p-6 splide__slide w-full md:mx-0\">\n                                                                                                    <img decoding=\"async\" src=\"https:\/\/punktdruckerei.de\/wp-content\/uploads\/2023\/03\/front2b.webp\" class=\"max-h-80 mx-auto object-contain p-6 splide__slide w-full md:mx-0\">\n                                                                                                    <img decoding=\"async\" src=\"https:\/\/punktdruckerei.de\/wp-content\/uploads\/2023\/03\/front3b.webp\" class=\"max-h-80 mx-auto object-contain p-6 splide__slide w-full md:mx-0\">\n                                                                                            <\/div>\n                                                                            <\/div>\n                                    <div class=\"mt-5\">\n                                        <ul class=\"splide__pagination\"><\/ul>\n                                    <\/div>\n                                <\/div>\n                                <div class=\"styled-list mx-auto w-11\/12 md:flex md:flex-col md:justify-center md:max-w-lg md:mx-0 md:w-6\/12\">\n                                    <div class=\"mb-10\">\n                                        <p class=\"font-normal font-sans text-Primary_dark text-base accordion-text\"><div class=\"wpb_text_column wpb_content_element \">\n<div class=\"wpb_wrapper\">\n<p>Produkujemy fronty do\u00a0paneli sterowania oraz p\u0142yty czo\u0142owe stosowane do maszyn i urz\u0105dze\u0144. Ze wzgl\u0119du na r\u00f3\u017cnorodno\u015b\u0107 zastosowa\u0144 produktu ka\u017cdorazowo dopasowujemy materia\u0142y podk\u0142adowe do potrzeb Klienta.<\/p>\n<p>&nbsp;<\/p>\n<p>Przewa\u017caj\u0105c\u0105 cz\u0119\u015b\u0107 produkcji stanowi\u0105 panele z LEXANU z drukiem wykonanym od strony wewn\u0119trznej oraz z aluminium anodowanego.<\/p>\n<p>&nbsp;<\/p>\n<p>Panele mog\u0105 by\u0107 wyposa\u017cone w\u00a0otwory umo\u017cliwiaj\u0105ce monta\u017c przycisk\u00f3w lub wy\u015bwietlaczy oraz\u00a0b\u0142on\u0119 klejow\u0105.<\/p>\n<\/div>\n<\/div>\n<div class=\"wpb_text_column wpb_content_element \">\n<div class=\"wpb_wrapper\">\n<ul class=\"tabliczki\">\n<li>z\u00a0LEXANU z\u00a0nadrukiem wykonanym od\u00a0spodu<\/li>\n<li>z\u00a0aluminium anodowanego z\u00a0grawerem laserowym<\/li>\n<\/ul>\n<\/div>\n<\/div>\n<\/p>\n                                    <\/div>\n                                <\/div>\n                            <\/div>\n                                                    <\/div>\n                    <\/div>\n                            <\/div>\n            <\/div>\n<\/section>\n\n\n<section class=\"wp-block-punkt-drukarnia-banner\"> <div class=\"bg-Primary_dark flex flex-col items-center max-w-screen-xl mx-auto px-5 lg:flex-row lg:justify-between lg:px-10 lg:py-3\"> <img decoding=\"async\" data-aos=\"fade\" src=\"https:\/\/punktdruckerei.de\/wp-content\/themes\/drukarniatheme\/inc\/img\/baner_maszyny.webp\" class=\"-mt-5 flex h-44 lg:mt-0 lg:order-2 \"\/> <h2 data-aos=\"fade-right\" class=\"font-NotoSans font-extrabold pb-8 pt-6 text-2xl text-center text-white lg:order-1 lg:py-0 lg:w-4\/12 xl:w-max\">Skonsultuj indywidualne rozwi\u0105zanie! <span class=\"text-Primary_yellow\">Bezp\u0142atnie.<\/span><\/h2> <a href=\"https:\/\/punktdruckerei.de\/kontakt\/\" data-aos=\"fade-left\" class=\"bg-white inline-flex items-center justify-center max-w-sm mb-14 px-5 py-4 relative w-full lg:justify-start lg:mb-0 lg:order-3 lg:px-4 lg:w-56\"><p class=\"font-bold font-sans text-Primary_dark text-sm\">Bezp\u0142atna konsultacja<\/p><div class=\"absolute right-5\"> <svg xmlns=\"http:\/\/www.w3.org\/2000\/svg\" width=\"12\" height=\"12\" fill=\"none\" class=\"h-3 w-3\"> <path stroke=\"#1B1B11\" stroke-linecap=\"round\" stroke-linejoin=\"round\" stroke-width=\"2\" d=\"M1 11 11 1M11 10.166V1H1.835\"><\/path> <\/svg> <\/div><\/a> <\/div> <\/section>\n\n\n\n<section class=\"wp-block-punkt-drukarnia-offer mx-auto px-5 py-14\"> <div class=\"bg-transparent flex flex-col items-center pb-24 pt-28 lg:mb-2 lg:pb-44 lg:pt-28 splide offer-slider\">  <div class=\"flex items-center justify-between max-w-7xl mb-7 mx-auto w-full lg:mt-3\"> <div data-aos=\"fade-right\" class=\"flex flex-row items-end\"> <h2 data-aos=\"fade-right\" class=\"all-font34 font-NotoSans font-extrabold pb-14 text-Primary_dark lg:pb-11\">Pozosta\u0142a oferta<\/h2> <\/div> <div data-aos=\"fade-left\" class=\"flex items-center\"> <div class=\"splide__arrows flex\"> <button class=\"splide__arrow splide__arrow--prev bg-Button duration-300 flex group hover:bg-Primary_dark items-center justify-center slider-button\"> <svg xmlns=\"http:\/\/www.w3.org\/2000\/svg\" width=\"19\" height=\"8\" fill=\"none\" class=\"rotate-180\"> <path stroke=\"#fff\" stroke-linecap=\"round\" stroke-linejoin=\"round\" stroke-width=\"1.2\" d=\"M1 3.969h16.833M14.86 1l2.97 2.97-2.97 2.971\" class=\"duration-300 group-hover:stroke-white stroke-Primary_dark\"><\/path> <\/svg> <\/button> <button class=\"splide__arrow splide__arrow--next bg-Button duration-300 flex group hover:bg-Primary_dark items-center justify-center slider-button\"> <svg xmlns=\"http:\/\/www.w3.org\/2000\/svg\" width=\"19\" height=\"8\" fill=\"none\"> <path stroke=\"#fff\" stroke-linecap=\"round\" stroke-linejoin=\"round\" stroke-width=\"1.2\" d=\"M1 3.969h16.833M14.86 1l2.97 2.97-2.97 2.971\" class=\"duration-300 group-hover:stroke-white stroke-Primary_dark\"><\/path> <\/svg> <\/button> <\/div> <\/div> <\/div> <div class=\"splide__track w-full\"> <div class=\"splide__list max-w-7xl mx-auto\"> <a href=\"https:\/\/punktdruckerei.de\/etykiety-samoprzylepne\/\" data-aos=\"fade-down\" class=\"bg-Button group hover:bg-Hover hover:duration-300 pb-7 splide__slide xl:flex xl:flex-col\"> <div class=\"flex flex-col xl:flex-row-reverse xl:justify-between xl:order-1\"> <div class=\"-mt-4 flex justify-end pb-7\"> <img decoding=\"async\" src=\"https:\/\/punktdruckerei.de\/wp-content\/themes\/drukarniatheme\/inc\/img\/etykieta.webp\" class=\"max-h-48 w-auto \"\/> <\/div> <div> <h3 class=\"font-bold font-sans pb-14 px-8 text-2xl text-Primary_dark xl:pt-8\">Etykiety samoprzylepne<\/h3> <\/div> <\/div> <p class=\"font-normal font-sans pb-6 px-8 text-base tile_text xl:order-3 xl:pb-0\">Produkujemy etykiety samoprzylepne do r\u00f3\u017cnych zastosowa\u0144 z arkusza i na roli. W zale\u017cno\u015bci od indywidualnych potrzeb Klienta dobieramy materia\u0142 podk\u0142adowy oraz techniki druku i zabezpieczenia etykiety.<\/p><div class=\"flex items-center px-8 xl:-mt-20 xl:group-hover:visible xl:invisible xl:mb-9 xl:order-2\"> <div class=\"bg-Primary_yellow flex h-10 items-center justify-center max-h-full max-w-full min-h-full min-w-max w-10\"> <svg xmlns=\"http:\/\/www.w3.org\/2000\/svg\" width=\"22\" height=\"16\" fill=\"none\"> <g stroke=\"#1B1B11\" stroke-linecap=\"round\" stroke-linejoin=\"round\" stroke-width=\"2\" filter=\"url(#a)\"> <path d=\"M5 13 17 1M17 12V1H6\"><\/path> <\/g> <defs> <filter id=\"a\" width=\"22\" height=\"22\" x=\"0\" y=\"0\" color-interpolation-filters=\"sRGB\" filterUnits=\"userSpaceOnUse\"> <feFlood flood-opacity=\"0\" result=\"BackgroundImageFix\"><\/feFlood> <feColorMatrix in=\"SourceAlpha\" result=\"hardAlpha\" values=\"0 0 0 0 0 0 0 0 0 0 0 0 0 0 0 0 0 0 127 0\"><\/feColorMatrix> <feOffset dy=\"4\"><\/feOffset> <feGaussianBlur stdDeviation=\"2\"><\/feGaussianBlur> <feComposite in2=\"hardAlpha\" operator=\"out\"><\/feComposite> <feColorMatrix values=\"0 0 0 0 0 0 0 0 0 0 0 0 0 0 0 0 0 0 0.25 0\"><\/feColorMatrix> <feBlend in2=\"BackgroundImageFix\" result=\"effect1_dropShadow_100_137\"><\/feBlend> <feBlend in=\"SourceGraphic\" in2=\"effect1_dropShadow_100_137\" result=\"shape\"><\/feBlend> <\/filter> <\/defs> <\/svg> <\/div> <p class=\"font-extrabold font-sans pl-4 text-Primary_dark text-base underline\">Dowiedz si\u0119 wi\u0119cej<\/p> <\/div><\/a> <a href=\"https:\/\/punktdruckerei.de\/tabliczki-znamionowe\/\" data-aos=\"fade-down\" class=\"bg-Button group hover:bg-Hover hover:duration-300 pb-7 splide__slide xl:flex xl:flex-col\"> <div class=\"flex flex-col xl:flex-row-reverse xl:justify-between xl:order-1\"> <div class=\"-mt-3 flex justify-end pb-7 pr-9\"> <img decoding=\"async\" src=\"https:\/\/punktdruckerei.de\/wp-content\/themes\/drukarniatheme\/inc\/img\/tabliczki_znamionowe.webp\" class=\"max-h-48 w-auto \"\/> <\/div> <div> <h3 class=\"font-bold font-sans pb-14 px-8 text-2xl text-Primary_dark xl:pt-8\">Tabliczki znamionowe<\/h3> <\/div> <\/div> <p class=\"font-normal font-sans pb-6 px-8 text-base tile_text xl:order-3 xl:pb-0\">Wykonujemy tabliczki znamionowe na r\u00f3\u017cnych pod\u0142o\u017cach przy u\u017cyciu wielu technik druku i znakowania, dopasowuj\u0105c je Twoich potrzeb.<\/p><div class=\"flex items-center px-8 xl:-mt-20 xl:group-hover:visible xl:invisible xl:mb-9 xl:order-2\"> <div class=\"bg-Primary_yellow flex h-10 items-center justify-center max-h-full max-w-full min-h-full min-w-max w-10\"> <svg xmlns=\"http:\/\/www.w3.org\/2000\/svg\" width=\"22\" height=\"16\" fill=\"none\"> <g stroke=\"#1B1B11\" stroke-linecap=\"round\" stroke-linejoin=\"round\" stroke-width=\"2\" filter=\"url(#a)\"> <path d=\"M5 13 17 1M17 12V1H6\"><\/path> <\/g> <defs> <filter id=\"a\" width=\"22\" height=\"22\" x=\"0\" y=\"0\" color-interpolation-filters=\"sRGB\" filterUnits=\"userSpaceOnUse\"> <feFlood flood-opacity=\"0\" result=\"BackgroundImageFix\"><\/feFlood> <feColorMatrix in=\"SourceAlpha\" result=\"hardAlpha\" values=\"0 0 0 0 0 0 0 0 0 0 0 0 0 0 0 0 0 0 127 0\"><\/feColorMatrix> <feOffset dy=\"4\"><\/feOffset> <feGaussianBlur stdDeviation=\"2\"><\/feGaussianBlur> <feComposite in2=\"hardAlpha\" operator=\"out\"><\/feComposite> <feColorMatrix values=\"0 0 0 0 0 0 0 0 0 0 0 0 0 0 0 0 0 0 0.25 0\"><\/feColorMatrix> <feBlend in2=\"BackgroundImageFix\" result=\"effect1_dropShadow_100_137\"><\/feBlend> <feBlend in=\"SourceGraphic\" in2=\"effect1_dropShadow_100_137\" result=\"shape\"><\/feBlend> <\/filter> <\/defs> <\/svg> <\/div> <p class=\"font-extrabold font-sans pl-4 text-Primary_dark text-base underline\">Dowiedz si\u0119 wi\u0119cej<\/p> <\/div><\/a> <a href=\"https:\/\/punktdruckerei.de\/fronty-do-paneli-sterowania\/\" data-aos=\"fade-up\" class=\"bg-Button group hover:bg-Hover hover:duration-300 pb-7 splide__slide xl:flex xl:flex-col\"> <div class=\"flex flex-col xl:flex-row-reverse xl:justify-between xl:order-1\"> <div class=\"flex justify-end pb-7\"> <img decoding=\"async\" src=\"https:\/\/punktdruckerei.de\/wp-content\/themes\/drukarniatheme\/inc\/img\/fronty_do_paneli.webp\" class=\"max-h-48 w-auto \"\/> <\/div> <div> <h3 class=\"font-bold font-sans pb-8 px-8 text-2xl text-Primary_dark xl:pt-8\">Fronty do paneli sterowania<\/h3> <\/div> <\/div> <p class=\"font-normal font-sans pb-6 px-8 text-base tile_text xl:order-3 xl:pb-0\">Produkujemy fronty do paneli sterowania oraz p\u0142yty czo\u0142owe stosowane do maszyn i urz\u0105dze\u0144. Ze wzgl\u0119du na r\u00f3\u017cnorodno\u015b\u0107 zastosowa\u0144 produktu ka\u017cdorazowo dopasowujemy materia\u0142y podk\u0142adowe do potrzeb Klienta.<\/p><div class=\"flex items-center px-8 xl:-mt-20 xl:group-hover:visible xl:invisible xl:mb-9 xl:order-2\"> <div class=\"bg-Primary_yellow flex h-10 items-center justify-center max-h-full max-w-full min-h-full min-w-max w-10\"> <svg xmlns=\"http:\/\/www.w3.org\/2000\/svg\" width=\"22\" height=\"16\" fill=\"none\"> <g stroke=\"#1B1B11\" stroke-linecap=\"round\" stroke-linejoin=\"round\" stroke-width=\"2\" filter=\"url(#a)\"> <path d=\"M5 13 17 1M17 12V1H6\"><\/path> <\/g> <defs> <filter id=\"a\" width=\"22\" height=\"22\" x=\"0\" y=\"0\" color-interpolation-filters=\"sRGB\" filterUnits=\"userSpaceOnUse\"> <feFlood flood-opacity=\"0\" result=\"BackgroundImageFix\"><\/feFlood> <feColorMatrix in=\"SourceAlpha\" result=\"hardAlpha\" values=\"0 0 0 0 0 0 0 0 0 0 0 0 0 0 0 0 0 0 127 0\"><\/feColorMatrix> <feOffset dy=\"4\"><\/feOffset> <feGaussianBlur stdDeviation=\"2\"><\/feGaussianBlur> <feComposite in2=\"hardAlpha\" operator=\"out\"><\/feComposite> <feColorMatrix values=\"0 0 0 0 0 0 0 0 0 0 0 0 0 0 0 0 0 0 0.25 0\"><\/feColorMatrix> <feBlend in2=\"BackgroundImageFix\" result=\"effect1_dropShadow_100_137\"><\/feBlend> <feBlend in=\"SourceGraphic\" in2=\"effect1_dropShadow_100_137\" result=\"shape\"><\/feBlend> <\/filter> <\/defs> <\/svg> <\/div> <p class=\"font-extrabold font-sans pl-4 text-Primary_dark text-base underline\">Dowiedz si\u0119 wi\u0119cej<\/p> <\/div><\/a> <a href=\"https:\/\/punktdruckerei.de\/elastyczne-obwody-drukowane\/\" data-aos=\"fade-up\" class=\"bg-Button group hover:bg-Hover hover:duration-300 pb-7 splide__slide xl:flex xl:flex-col\"> <div class=\"flex flex-col xl:flex-row-reverse xl:justify-between xl:order-1\"> <div class=\"-mt-4 flex justify-end pb-7\"> <img decoding=\"async\" src=\"https:\/\/punktdruckerei.de\/wp-content\/themes\/drukarniatheme\/inc\/img\/elastyczne_obwody.webp\" class=\"max-h-48 w-auto \"\/> <\/div> <div> <h3 class=\"font-bold font-sans pb-8 px-8 text-2xl text-Primary_dark xl:pt-8\">Elastyczne obwody drukowania<\/h3> <\/div> <\/div> <p class=\"font-normal font-sans pb-6 px-8 text-base tile_text xl:order-3 xl:pb-0\">Lorem Ipsum is simply dummy text of the printing and typesetting industry. Lorem Ipsum has been the industry&apos;s standard dummy text ever since the 1500s, when an unknown printer.<\/p><div class=\"flex items-center px-8 xl:-mt-20 xl:group-hover:visible xl:invisible xl:mb-9 xl:order-2\"> <div class=\"bg-Primary_yellow flex h-10 items-center justify-center max-h-full max-w-full min-h-full min-w-max w-10\"> <svg xmlns=\"http:\/\/www.w3.org\/2000\/svg\" width=\"22\" height=\"16\" fill=\"none\"> <g stroke=\"#1B1B11\" stroke-linecap=\"round\" stroke-linejoin=\"round\" stroke-width=\"2\" filter=\"url(#a)\"> <path d=\"M5 13 17 1M17 12V1H6\"><\/path> <\/g> <defs> <filter id=\"a\" width=\"22\" height=\"22\" x=\"0\" y=\"0\" color-interpolation-filters=\"sRGB\" filterUnits=\"userSpaceOnUse\"> <feFlood flood-opacity=\"0\" result=\"BackgroundImageFix\"><\/feFlood> <feColorMatrix in=\"SourceAlpha\" result=\"hardAlpha\" values=\"0 0 0 0 0 0 0 0 0 0 0 0 0 0 0 0 0 0 127 0\"><\/feColorMatrix> <feOffset dy=\"4\"><\/feOffset> <feGaussianBlur stdDeviation=\"2\"><\/feGaussianBlur> <feComposite in2=\"hardAlpha\" operator=\"out\"><\/feComposite> <feColorMatrix values=\"0 0 0 0 0 0 0 0 0 0 0 0 0 0 0 0 0 0 0.25 0\"><\/feColorMatrix> <feBlend in2=\"BackgroundImageFix\" result=\"effect1_dropShadow_100_137\"><\/feBlend> <feBlend in=\"SourceGraphic\" in2=\"effect1_dropShadow_100_137\" result=\"shape\"><\/feBlend> <\/filter> <\/defs> <\/svg> <\/div> <p class=\"font-extrabold font-sans pl-4 text-Primary_dark text-base underline\">Dowiedz si\u0119 wi\u0119cej<\/p> <\/div><\/a>  <\/div> <\/div>  <\/div> <\/section>\n","protected":false},"excerpt":{"rendered":"","protected":false},"author":1,"featured_media":0,"parent":0,"menu_order":0,"comment_status":"closed","ping_status":"closed","template":"","meta":{"_monsterinsights_skip_tracking":false,"_monsterinsights_sitenote_active":false,"_monsterinsights_sitenote_note":"","_monsterinsights_sitenote_category":0,"footnotes":""},"class_list":["post-42","page","type-page","status-publish","hentry"],"acf":[],"_links":{"self":[{"href":"https:\/\/punktdruckerei.de\/pl\/wp-json\/wp\/v2\/pages\/42","targetHints":{"allow":["GET"]}}],"collection":[{"href":"https:\/\/punktdruckerei.de\/pl\/wp-json\/wp\/v2\/pages"}],"about":[{"href":"https:\/\/punktdruckerei.de\/pl\/wp-json\/wp\/v2\/types\/page"}],"author":[{"embeddable":true,"href":"https:\/\/punktdruckerei.de\/pl\/wp-json\/wp\/v2\/users\/1"}],"replies":[{"embeddable":true,"href":"https:\/\/punktdruckerei.de\/pl\/wp-json\/wp\/v2\/comments?post=42"}],"version-history":[{"count":24,"href":"https:\/\/punktdruckerei.de\/pl\/wp-json\/wp\/v2\/pages\/42\/revisions"}],"predecessor-version":[{"id":695,"href":"https:\/\/punktdruckerei.de\/pl\/wp-json\/wp\/v2\/pages\/42\/revisions\/695"}],"wp:attachment":[{"href":"https:\/\/punktdruckerei.de\/pl\/wp-json\/wp\/v2\/media?parent=42"}],"curies":[{"name":"wp","href":"https:\/\/api.w.org\/{rel}","templated":true}]}}