{"id":46,"date":"2023-03-20T00:35:00","date_gmt":"2023-03-19T23:35:00","guid":{"rendered":"https:\/\/punktdruckerei.de\/?page_id=46"},"modified":"2023-12-15T13:05:27","modified_gmt":"2023-12-15T12:05:27","slug":"technologia","status":"publish","type":"page","link":"https:\/\/punktdruckerei.de\/pl\/technologia\/","title":{"rendered":"Technologia"},"content":{"rendered":"\n<section class=\"wp-block-punkt-drukarnia-main-section-3 bg-Primary_dark px-5 relative\"> <div class=\"absolute bottom-8 left-2\/3 z-30 lg:bottom-16\"> <div class=\"relative\"> <div data-empty-placeholder=\"\" class=\"absolute bg-white left-8 square lg:left-16\"><\/div> <div data-empty-placeholder=\"\" class=\"absolute bg-Primary_dark square top-8 lg:top-16\"><\/div> <\/div> <\/div><div class=\"flex flex-row items-center justify-between max-w-screen-xl mx-auto py-28 md:pb-24 md:pt-32\"> <h1 data-aos=\"fade-right\" class=\"font-NotoSans font-extrabold font34 text-white\">Technologia<\/h1> <\/div> <\/section>\n\n\n<section data-tab=\"technology-tabs\" class=\"py-16 tabs lg:py-32 \" id=\"technology-block_c870f60ec10e43eafa573e2d96034761\">\n    <div class=\"px-5\">\n        <div data-aos=\"fade-down\" class=\"border-Primary_dark border-b border-opacity-20 border-solid flex flex-row justify-between max-w-screen-xl mx-auto\">\n                            <div data-tab-buttons class=\"flex flex-row hide-scroll overflow-x-scroll space-x-14\">\n                                            <button tab-button class=\"font-extrabold font-sans pb-6 text-Primary_dark text-base text-opacity-20 whitespace-nowrap\">\n                            Techniki druku                        <\/button>\n                                            <button tab-button class=\"font-extrabold font-sans pb-6 text-Primary_dark text-base text-opacity-20 whitespace-nowrap\">\n                            Techniki znakowania i wyka\u0144czania                        <\/button>\n                                    <\/div>\n                        <a href=\"https:\/\/punktdruckerei.de\/pl\/specyfikacje-techniczne\/\" class=\"font-normal font-sans hidden pl-5 text-Primary_dark text-base underline md:flex\">Sprawd\u017a specyfikacje techniczne<\/a>\n        <\/div>\n    <\/div>\n            <div data-tab-panels>\n                            <div tab-panel class=\"flex-col\">\n                    <div class=\"px-5\">\n                        <div class=\"border-Primary_dark border-b border-opacity-20 border-solid lg:pb-10 max-w-screen-xl mx-auto pb-7 pt-12\">\n                            <p data-aos=\"fade-down\" class=\"font-bold font-sans text-Primary_dark text-base lg:text-lg\"><p><strong>W naszym parku maszynowym znajduj\u0105 si\u0119 urz\u0105dzenia pozwalaj\u0105ce na wykonywanie produkt\u00f3w r\u00f3\u017cnymi technikami druku i znakowania. W\u00a0celu optymalizacji produkcji, a\u00a0tak\u017ce wobec rosn\u0105cych wymaga\u0144 Klient\u00f3w co\u00a0do\u00a0jako\u015bci, termin\u00f3w i\u00a0cen, stale wprowadzamy nowe technologie znakowania i\u00a0druku.<\/strong><\/p>\n<p><strong>Do druku u\u017cywamy wy\u0142\u0105cznie atestowanych materia\u0142\u00f3w o podwy\u017cszonej trwa\u0142o\u015bci, przyjaznych dla pracownik\u00f3w i \u015brodowiska.<\/strong><br \/>\n<strong>Obecnie dysponujemy nast\u0119puj\u0105cymi technikami druku:<\/strong><\/p>\n<\/p>\n                        <\/div>\n                    <\/div>\n                    <div class=\"flex flex-col max-w-screen-xl mx-auto lg:flex-row lg:pb-12\">\n                        <div class=\"lg:w-5\/12\">\n                                                            <ul data-aos=\"fade-up\" class=\"flex flex-col items-center lg:flex-col lg:items-start lg:pt-12 lg:space-y-2 lg:sticky lg:top-0 pb-8 pt-20 px-5 space-y-2\">\n                                                                            <li>\n                                            <a href=\"#druk-cyfrowy\" class=\"font-bold lg:flex lg:flex-row lg:justify-between lg:px-5 lg:text-left lg:w-72 py-4 text-Primary_dark text-center text-sm w-36\">Druk cyfrowy<\/a>\n                                        <\/li>\n                                                                            <li>\n                                            <a href=\"#sitodruk\" class=\"font-bold lg:flex lg:flex-row lg:justify-between lg:px-5 lg:text-left lg:w-72 py-4 text-Primary_dark text-center text-sm w-36\">Sitodruk<\/a>\n                                        <\/li>\n                                                                            <li>\n                                            <a href=\"#tampodruk\" class=\"font-bold lg:flex lg:flex-row lg:justify-between lg:px-5 lg:text-left lg:w-72 py-4 text-Primary_dark text-center text-sm w-36\">Tampodruk<\/a>\n                                        <\/li>\n                                                                            <li>\n                                            <a href=\"#druk-uv\" class=\"font-bold lg:flex lg:flex-row lg:justify-between lg:px-5 lg:text-left lg:w-72 py-4 text-Primary_dark text-center text-sm w-36\">Druk UV<\/a>\n                                        <\/li>\n                                                                    <\/ul>\n                                                    <\/div>\n                                                    <div class=\"lg:pt-12 lg:w-7\/12\">\n                                                                    <div class=\"bg-Button mb-5 pb-20 pt-11 px-5 lg:mb-8 lg:pb-7\" id=\"druk-cyfrowy\">\n                                        <h3 data-aos=\"fade-right\" class=\"font-NotoSans font-extrabold font-size21 pb-5 px-5 text-Primary_dark\">Druk cyfrowy<\/h3>\n                                        <div class=\"styled-list pb-6 px-5\">\n                                            <p class=\"font-normal font-sans text-Primary_dark text-base\"><p>Posiadamy plotery tn\u0105co-drukuj\u0105ce i tn\u0105ce do szeroko\u015bci medium 1600 mm.<br \/>\n\u0141\u0105czne moce przerobowe urz\u0105dze\u0144:<\/p>\n<ul>\n<li>druk: przy rozdzielczo\u015bci 1440 dpi x 720 dpi to oko\u0142o 47 m2 na godzin\u0119<br \/>\nci\u0119cie: do 70 m2 na godzin\u0119<\/li>\n<li>Zadruk mo\u017cliwy jest na produktach p\u0142askich, o g\u0142adkiej strukturze, do grubo\u015bci 1 mm.<\/li>\n<\/ul>\n<p>Drukujemy na nast\u0119puj\u0105cych pod\u0142o\u017cach:<\/p>\n<ul>\n<li>folie samoprzylepne PCV, poliestrowe, odblaskowe<\/li>\n<li>tworzywa sztuczne \u2013 mi\u0119kkie PCV, lexan<\/li>\n<li>papiery \u2013 papiery samoprzylepne<\/li>\n<\/ul>\n<p>&nbsp;<\/p>\n<p>Nadruki charakteryzuj\u0105 si\u0119 doskona\u0142ym oddaniem kolor\u00f3w, a ich odporno\u015b\u0107 na promieniowanie UV i na wp\u0142ywy czynnik\u00f3w zewn\u0119trznych zdecydowanie wzrasta po zabezpieczeniu wierzchniej warstwy na gor\u0105co \u2013 atestowanym laminatem UV.<\/p>\n<p>&nbsp;<\/p>\n<p>Posiadamy drukarki cyfrowe kolorowe i monochromatyczne do formatu A3 z wbudowanym dupleksem. Drukujemy na papierach offsetowych, papierach samoprzylepnych i kartonach do 200 g.<\/p>\n<\/p>\n                                        <\/div>\n                                    <\/div>\n                                                                    <div class=\"bg-Button mb-5 pb-20 pt-11 px-5 lg:mb-8 lg:pb-7\" id=\"sitodruk\">\n                                        <h3 data-aos=\"fade-right\" class=\"font-NotoSans font-extrabold font-size21 pb-5 px-5 text-Primary_dark\">Sitodruk<\/h3>\n                                        <div class=\"styled-list pb-6 px-5\">\n                                            <p class=\"font-normal font-sans text-Primary_dark text-base\"><p>Posiadamy p\u00f3\u0142automat sitodrukowy umo\u017cliwiaj\u0105cy zadruk do\u00a0formatu B2, oraz\u00a0r\u0119czny do\u00a0formatu B1.<br \/>\nWykonujemy druk na\u00a0przedmiotach p\u0142askich, o\u00a0g\u0142adkiej strukturze, do\u00a0wysoko\u015bci 15 cm.Drukujemy na\u00a0nast\u0119puj\u0105cych\u00a0 pod\u0142o\u017cach:<\/p>\n<p>&nbsp;<\/p>\n<ul>\n<li>folie samoprzylepne \u2013 PCV, poliestrowe, odblaskowe<\/li>\n<li>metale nie\u017celazne i \u017celazne \u2013 np. aluminium, stal<\/li>\n<li>tworzywa sztuczne \u2013 lexan, dibond, plexi, PCV, ekosk\u00f3ra<\/li>\n<li>papiery \u2013 papiery powlekane, foliowane, kartony<\/li>\n<\/ul>\n<p>&nbsp;<\/p>\n<p>Nadruki charakteryzuj\u0105 si\u0119 doskona\u0142ym oddaniem kolor\u00f3w, a\u00a0ich\u00a0odporno\u015b\u0107 na\u00a0promieniowanie UV i\u00a0na\u00a0wp\u0142ywy czynnik\u00f3w zewn\u0119trznych jest du\u017co wy\u017csza ni\u017c wydruk\u00f3w cyfrowych, nawet tych wykonywanych w\u00a0technologii UV.<\/p>\n<\/p>\n                                        <\/div>\n                                    <\/div>\n                                                                    <div class=\"bg-Button mb-5 pb-20 pt-11 px-5 lg:mb-8 lg:pb-7\" id=\"tampodruk\">\n                                        <h3 data-aos=\"fade-right\" class=\"font-NotoSans font-extrabold font-size21 pb-5 px-5 text-Primary_dark\">Tampodruk<\/h3>\n                                        <div class=\"styled-list pb-6 px-5\">\n                                            <p class=\"font-normal font-sans text-Primary_dark text-base\"><p>Posiadamy urz\u0105dzenie do\u00a0p\u00f3\u0142automatycznego druku tamponowego. Maksymalna \u015brednica nadruku: 65 mm.<br \/>\nZa pomoc\u0105 tamponu o\u00a0odpowiednim kszta\u0142cie mo\u017cliwy jest nadruk na\u00a0nier\u00f3wnych i\u00a0nieregularnych powierzchniach.<br \/>\nPrzez dobranie odpowiedniej farby oraz\u00a0odpowiedniego tamponu mo\u017cliwe jest drukowanie na\u00a0pod\u0142o\u017cach takich jak:<\/p>\n<p>&nbsp;<\/p>\n<ul>\n<li>\u00a0metale nie\u017celazne i\u00a0\u017celazne\u00a0-np. aluminium,\u00a0stal<\/li>\n<li>\u00a0tworzywa sztuczne \u2013 abs, lexan, dibond, plexi, PCV, ekosk\u00f3ra<\/li>\n<li>\u00a0papiery \u2013 papiery powlekane, foliowane, kartony<\/li>\n<\/ul>\n<p>&nbsp;<\/p>\n<p>Nadruki charakteryzuj\u0105 si\u0119 doskona\u0142ym oddaniem kolor\u00f3w i\u00a0dobr\u0105 odporno\u015bci\u0105 na\u00a0promieniowanie UV i\u00a0wp\u0142ywy czynnik\u00f3w zewn\u0119trznych .<\/p>\n<\/p>\n                                        <\/div>\n                                    <\/div>\n                                                                    <div class=\"bg-Button mb-5 pb-20 pt-11 px-5 lg:mb-8 lg:pb-7\" id=\"druk-uv\">\n                                        <h3 data-aos=\"fade-right\" class=\"font-NotoSans font-extrabold font-size21 pb-5 px-5 text-Primary_dark\">Druk UV<\/h3>\n                                        <div class=\"styled-list pb-6 px-5\">\n                                            <p class=\"font-normal font-sans text-Primary_dark text-base\"><p>Sto\u0142owa drukarka UV z\u00a0bia\u0142ym poddrukiem i\u00a0bezbarwnym lakierem umo\u017cliwia personalizacj\u0119 produktu ju\u017c od\u00a0jednej sztuki.<\/p>\n<p>&nbsp;<\/p>\n<p>Zastosowanie:<\/p>\n<ul class=\"tabliczki listy-etykiety\">\n<li>\u00a0tworzywa sztuczne \u2013 lexan, dibond, plexi, PCV, ekosk\u00f3ra<\/li>\n<li>\u00a0folie PCV, poliestrowe, odblaskowe<\/li>\n<li>\u00a0metale nie\u017celazne i\u00a0\u017celazne\u00a0-np. aluminium,\u00a0stal<\/li>\n<li>\u00a0papiery \u2013 papiery powlekane, foliowane, kartony<\/li>\n<\/ul>\n<\/p>\n                                        <\/div>\n                                    <\/div>\n                                                            <\/div>\n                                            <\/div>\n                <\/div>\n                            <div tab-panel class=\"flex-col\">\n                    <div class=\"px-5\">\n                        <div class=\"border-Primary_dark border-b border-opacity-20 border-solid lg:pb-10 max-w-screen-xl mx-auto pb-7 pt-12\">\n                            <p data-aos=\"fade-down\" class=\"font-bold font-sans text-Primary_dark text-base lg:text-lg\"><\/p>\n                        <\/div>\n                    <\/div>\n                    <div class=\"flex flex-col max-w-screen-xl mx-auto lg:flex-row lg:pb-12\">\n                        <div class=\"lg:w-5\/12\">\n                                                            <ul data-aos=\"fade-up\" class=\"flex flex-col items-center lg:flex-col lg:items-start lg:pt-12 lg:space-y-2 lg:sticky lg:top-0 pb-8 pt-20 px-5 space-y-2\">\n                                                                            <li>\n                                            <a href=\"#laser-fiber-i-co2\" class=\"font-bold lg:flex lg:flex-row lg:justify-between lg:px-5 lg:text-left lg:w-72 py-4 text-Primary_dark text-center text-sm w-36\">Laser Fiber i CO2<\/a>\n                                        <\/li>\n                                                                            <li>\n                                            <a href=\"#tloczenie-na-goraco\" class=\"font-bold lg:flex lg:flex-row lg:justify-between lg:px-5 lg:text-left lg:w-72 py-4 text-Primary_dark text-center text-sm w-36\">T\u0142oczenie na gor\u0105co i termotransfer<\/a>\n                                        <\/li>\n                                                                            <li>\n                                            <a href=\"#frezowanie-komputerowe\" class=\"font-bold lg:flex lg:flex-row lg:justify-between lg:px-5 lg:text-left lg:w-72 py-4 text-Primary_dark text-center text-sm w-36\">Frezowanie komputerowe<\/a>\n                                        <\/li>\n                                                                            <li>\n                                            <a href=\"#laminowanie\" class=\"font-bold lg:flex lg:flex-row lg:justify-between lg:px-5 lg:text-left lg:w-72 py-4 text-Primary_dark text-center text-sm w-36\">Laminowanie<\/a>\n                                        <\/li>\n                                                                            <li>\n                                            <a href=\"#bindowanie\" class=\"font-bold lg:flex lg:flex-row lg:justify-between lg:px-5 lg:text-left lg:w-72 py-4 text-Primary_dark text-center text-sm w-36\">Bindowanie, klejenie, zszywanie<\/a>\n                                        <\/li>\n                                                                    <\/ul>\n                                                    <\/div>\n                                                    <div class=\"lg:pt-12 lg:w-7\/12\">\n                                                                    <div class=\"bg-Button mb-5 pb-20 pt-11 px-5 lg:mb-8 lg:pb-7\" id=\"laser-fiber-i-co2\">\n                                        <h3 data-aos=\"fade-right\" class=\"font-NotoSans font-extrabold font-size21 pb-5 px-5 text-Primary_dark\">Laser Fiber i CO2<\/h3>\n                                        <div class=\"styled-list pb-6 px-5\">\n                                            <p class=\"font-normal font-sans text-Primary_dark text-base\"><p>Laser znakuj\u0105cy jest idealnym narz\u0119dziem do\u00a0grawerowania tabliczek znamionowych. W\u00a0przypadku konieczno\u015bci umieszczenia oznacze\u0144 ze\u00a0wzgl\u0119du na\u00a0wymagania prawne, czy\u00a0te\u017c personalizacj\u0119 zwyk\u0142ych tabliczek informacyjnych, laser umo\u017cliwia wykonanie znakowania na\u00a0materia\u0142ach samoprzylepnych, tworzywach sztucznych i\u00a0metalach. Jest odpowiedni do\u00a0tabliczek o\u00a0standardowych wymiarach, jak i\u00a0do\u00a0nietypowych kszta\u0142t\u00f3w i\u00a0rozmiar\u00f3w.<\/p>\n<p>&nbsp;<\/p>\n<p>Zar\u00f3wno laserowe ci\u0119cie plastiku, jak i\u00a0grawerowanie mo\u017cna wykonywa\u0107 na\u00a0wiele r\u00f3\u017cnych sposob\u00f3w. Laserem \u015bwiat\u0142owodowym mo\u017cna znakowa\u0107 ca\u0142y szereg stosowanych komercyjnie tworzyw sztucznych, takich jak poliw\u0119glany, ABS, poliamidy i\u00a0wiele innych. Proces ten jest szybki i\u00a0zapewnia wysokiej jako\u015bci wyko\u0144czenie. Dzi\u0119ki kr\u00f3tkiemu czasowi dostosowywania ustawie\u0144 oraz\u00a0du\u017cej elastyczno\u015bci tego narz\u0119dzia, laser sprawia, \u017ce\u00a0op\u0142acalne jest znakowanie nawet bardzo kr\u00f3tkich serii.<\/p>\n<p>&nbsp;<\/p>\n<p>Posiadamy maszyn\u0119 firmy Trotec z\u00a0wbudowanym podw\u00f3jnym \u017ar\u00f3d\u0142em lasera \u2013 fiber i\u00a0CO2. Dzi\u0119ki temu istnieje mo\u017cliwo\u015b\u0107 \u0142\u0105czenia pracy dw\u00f3ch \u017ar\u00f3de\u0142 \u015bwiat\u0142a z\u00a0jednym ustawieniem u\u017cytku.<\/p>\n<\/p>\n                                        <\/div>\n                                    <\/div>\n                                                                    <div class=\"bg-Button mb-5 pb-20 pt-11 px-5 lg:mb-8 lg:pb-7\" id=\"tloczenie-na-goraco\">\n                                        <h3 data-aos=\"fade-right\" class=\"font-NotoSans font-extrabold font-size21 pb-5 px-5 text-Primary_dark\">T\u0142oczenie na gor\u0105co i termotransfer<\/h3>\n                                        <div class=\"styled-list pb-6 px-5\">\n                                            <p class=\"font-normal font-sans text-Primary_dark text-base\"><p>Nie\u00a0na\u00a0wszystkich pod\u0142o\u017cach mo\u017cliwe jest uzyskanie efektu tr\u00f3jwymiaru za\u00a0pomoc\u0105 znakowania laserowego.<br \/>\nW takich sytuacjach wykonujemy znakowania lub przet\u0142oczenia za\u00a0pomoc\u0105 prasy termicznej.<br \/>\nNasze p\u00f3\u0142automatyczne urz\u0105dzenie pozwala na\u00a0dob\u00f3r temperatury i\u00a0czasu oddzia\u0142ywania temperatur\u0105 na\u00a0pod\u0142o\u017ce.<br \/>\nWysoko\u015b\u0107\u00a0medium\u00a0\u00a0do\u00a05\u00a0cm.<\/p>\n<p>&nbsp;<\/p>\n<p>Zastosowanie:<\/p>\n<ul class=\"tabliczki listy-etykiety\">\n<li>przet\u0142oczenia i\u00a0zagi\u0119cia\u00a0 elastycznych tworzyw sztucznych, np.\u00a0klawiatur i\u00a0przycisk\u00f3w<\/li>\n<li>zmiana koloru przenoszenie nadruk\u00f3w na\u00a0aluminium , np.kolorowe tabliczki opisowe na\u00a0pod\u0142o\u017cu aluminiowym do\u00a0u\u017cytku wewn\u0105trz pomieszcze\u0144.<\/li>\n<\/ul>\n<\/p>\n                                        <\/div>\n                                    <\/div>\n                                                                    <div class=\"bg-Button mb-5 pb-20 pt-11 px-5 lg:mb-8 lg:pb-7\" id=\"frezowanie-komputerowe\">\n                                        <h3 data-aos=\"fade-right\" class=\"font-NotoSans font-extrabold font-size21 pb-5 px-5 text-Primary_dark\">Frezowanie komputerowe<\/h3>\n                                        <div class=\"styled-list pb-6 px-5\">\n                                            <p class=\"font-normal font-sans text-Primary_dark text-base\"><p>Frezowanie mechaniczne w\u00a0wi\u0119kszo\u015bci przypadk\u00f3w zosta\u0142o wyparte przez\u00a0grawerowanie i\u00a0ci\u0119cie laserowe. Istniej\u0105 jednak produkty, kt\u00f3rych\u00a0proces wytworzenia nadal wymaga zastosowania tego urz\u0105dzenia.<\/p>\n<p>&nbsp;<\/p>\n<p>Zastosowanie (przez\u00a0obr\u00f3bk\u0119 mechaniczn\u0105):<\/p>\n<ul class=\"tabliczki listy-etykiety\">\n<li>frezowanie i\u00a0nawiercanie otwor\u00f3w, rant\u00f3w i\u00a0profili<\/li>\n<li>grawerowanie w\u00a0stali, mosi\u0105dzu, aluminium, z\u0142ocie itp.<\/li>\n<li>produkcja matryc do\u00a0transferu<\/li>\n<li>wycinanie detali z\u00a0profili aluminiowych<\/li>\n<li>znakowanie z\u0142ota i\u00a0srebra<\/li>\n<li>produkcja element\u00f3w z\u00a0aluminium<\/li>\n<li>piecz\u0119cie mosi\u0119\u017cne i\u00a0referentki<\/li>\n<\/ul>\n<\/p>\n                                        <\/div>\n                                    <\/div>\n                                                                    <div class=\"bg-Button mb-5 pb-20 pt-11 px-5 lg:mb-8 lg:pb-7\" id=\"laminowanie\">\n                                        <h3 data-aos=\"fade-right\" class=\"font-NotoSans font-extrabold font-size21 pb-5 px-5 text-Primary_dark\">Laminowanie<\/h3>\n                                        <div class=\"styled-list pb-6 px-5\">\n                                            <p class=\"font-normal font-sans text-Primary_dark text-base\"><p>Laminowanie na\u00a0gor\u0105co to\u00a0doskona\u0142a forma zabezpieczania wydruk\u00f3w przed\u00a0wp\u0142ywem czynnik\u00f3w zewn\u0119trznych. Atestowane laminaty marki Oracal z\u00a0gwarancj\u0105 trwa\u0142o\u015bci producenta wyd\u0142u\u017con\u0105 do\u00a03 lub 5 lat, zapewniaj\u0105 nawet kilkukrotne zwi\u0119kszenie \u017cywotno\u015bci grafiki \u2013 wzrasta odporno\u015b\u0107 na\u00a0zarysowanie, oleje, smary i\u00a0inne odczynniki chemiczne, oraz\u00a0na\u00a0promieniowanie UV.<\/p>\n<p>&nbsp;<\/p>\n<p>Do\u00a0etykiet stosowanych w\u00a0zmiennych lub trudnych warunkach zalecamy stosowanie warstwy ochronnej w\u00a0postaci laminatu.<\/p>\n<\/p>\n                                        <\/div>\n                                    <\/div>\n                                                                    <div class=\"bg-Button mb-5 pb-20 pt-11 px-5 lg:mb-8 lg:pb-7\" id=\"bindowanie\">\n                                        <h3 data-aos=\"fade-right\" class=\"font-NotoSans font-extrabold font-size21 pb-5 px-5 text-Primary_dark\">Bindowanie, klejenie, zszywanie<\/h3>\n                                        <div class=\"styled-list pb-6 px-5\">\n                                            <p class=\"font-normal font-sans text-Primary_dark text-base\"><p>Dysponujemy p\u00f3\u0142automatycznym urz\u0105dzeniem do\u00a0jednoczesnego bigowania i\u00a0zszywania.<\/p>\n<p>Zastosowanie:<\/p>\n<ul class=\"tabliczki listy-etykiety\">\n<li>instrukcje obs\u0142ugi<\/li>\n<li>karty gwarancyjne<\/li>\n<li>ulotki i\u00a0etykiety informacyjne do\u0142\u0105czane do\u00a0produktu<\/li>\n<\/ul>\n<p>&nbsp;<\/p>\n<p>Nanoszenie kleju odbywa si\u0119 za\u00a0pomoc\u0105 kilku technik \u2013 w\u00a0zale\u017cno\u015bci od\u00a0warunk\u00f3w jakim b\u0119dzie poddawany produkt \u2013 od\u00a0sitodruku, przez\u00a0ta\u015bmy dwustronnie klej\u0105ce po\u00a0b\u0142ony klejowe firmy 3M.<\/p>\n<p>&nbsp;<\/p>\n<p>Zastosowanie produkt\u00f3w w\u00a0r\u00f3\u017cnych warunkach mo\u017ce wymaga\u0107 monta\u017cu bez\u00a0ingerencji w\u00a0struktur\u0119 pod\u0142o\u017ca.<br \/>\nW celu unikni\u0119cia wiercenia otwor\u00f3w, spawania, lub wgrzewania polecamy stosowanie b\u0142ony klejowej firmy 3M.<\/p>\n<\/p>\n                                        <\/div>\n                                    <\/div>\n                                                            <\/div>\n                                            <\/div>\n                <\/div>\n                    <\/div>\n    <\/section>","protected":false},"excerpt":{"rendered":"","protected":false},"author":1,"featured_media":0,"parent":0,"menu_order":0,"comment_status":"closed","ping_status":"closed","template":"","meta":{"_monsterinsights_skip_tracking":false,"_monsterinsights_sitenote_active":false,"_monsterinsights_sitenote_note":"","_monsterinsights_sitenote_category":0,"footnotes":""},"class_list":["post-46","page","type-page","status-publish","hentry"],"acf":[],"_links":{"self":[{"href":"https:\/\/punktdruckerei.de\/pl\/wp-json\/wp\/v2\/pages\/46","targetHints":{"allow":["GET"]}}],"collection":[{"href":"https:\/\/punktdruckerei.de\/pl\/wp-json\/wp\/v2\/pages"}],"about":[{"href":"https:\/\/punktdruckerei.de\/pl\/wp-json\/wp\/v2\/types\/page"}],"author":[{"embeddable":true,"href":"https:\/\/punktdruckerei.de\/pl\/wp-json\/wp\/v2\/users\/1"}],"replies":[{"embeddable":true,"href":"https:\/\/punktdruckerei.de\/pl\/wp-json\/wp\/v2\/comments?post=46"}],"version-history":[{"count":27,"href":"https:\/\/punktdruckerei.de\/pl\/wp-json\/wp\/v2\/pages\/46\/revisions"}],"predecessor-version":[{"id":882,"href":"https:\/\/punktdruckerei.de\/pl\/wp-json\/wp\/v2\/pages\/46\/revisions\/882"}],"wp:attachment":[{"href":"https:\/\/punktdruckerei.de\/pl\/wp-json\/wp\/v2\/media?parent=46"}],"curies":[{"name":"wp","href":"https:\/\/api.w.org\/{rel}","templated":true}]}}