{"id":50,"date":"2023-03-20T00:35:25","date_gmt":"2023-03-19T23:35:25","guid":{"rendered":"https:\/\/punktdruckerei.de\/?page_id=50"},"modified":"2023-12-15T15:05:16","modified_gmt":"2023-12-15T14:05:16","slug":"kontakt","status":"publish","type":"page","link":"https:\/\/punktdruckerei.de\/pl\/kontakt\/","title":{"rendered":"Kontakt"},"content":{"rendered":"<section class=\"gradient_two_colors wp-block-punkt-drukarnia-contact-section gradient_two_colors wp-block-punkt-drukarnia-contact-section\">\n    <div class=\"flex flex-col max-w-screen-xl mx-auto lg:flex-row\">\n        <div data-aos=\"fade-right\" class=\"bg-Primary_dark contact-padding pt-40 px-5 lg:w-6\/12 xl:px-2\">\n            <div class=\"lg:max-w-lg\">\n                <h2 class=\"font-NotoSans font-extrabold text-2xl text-white\">Chcesz wyceni\u0107 projekt? <span class=\"text-Primary_yellow\">Porozmawiajmy!<\/span><\/h2>\n                <p class=\"font-normal font-sans lg:pb-8 lg:pt-4 lg:w-11\/12 pb-10 pt-6 text-sm text-white\">Chcesz skorzysta\u0107 z wybranej us\u0142ugi lub zale\u017cy Ci na realizacji niestandardowego zlecenia? <br><br>Z przyjemno\u015bci\u0105 udzielimy Ci wszystkich niezb\u0119dnych informacji na temat naszych us\u0142ug i przygotujemy indywidualn\u0105 wycen\u0119 projektu dopasowan\u0105 do Twoich potrzeb. Gwarantujemy atrakcyjn\u0105 ofert\u0119 nawet przy niskim nak\u0142adzie.<br><br><b>Skontaktuj si\u0119 z odpowiednim dzia\u0142em naszej firmy, a dedykowany pracownik ch\u0119tnie odpowie na Twoje pytania.<\/b><\/p>\n                    <div >\n                    \n<h1>Kontakt<\/h1>\n\n<div class=\"wp-block-punkt-drukarnia-contact-section-child bg-white flex flex-row items-center max-w-screen-sm mb-3 pl-6 pr-3 py-3 lg:pr-20 lg:py-5\"> <div class=\"bg-Primary_yellow yellow-circle\"> <svg xmlns=\"http:\/\/www.w3.org\/2000\/svg\" width=\"32\" height=\"32\" fill=\"none\" class=\"svg-phone-position\"> <path stroke=\"#1B1B11\" stroke-linecap=\"round\" stroke-linejoin=\"round\" stroke-width=\"2\" d=\"M4.333 2.667H11L14.333 11l-4.166 2.5a18.334 18.334 0 0 0 8.333 8.333l2.5-4.166L29.333 21v6.667A3.333 3.333 0 0 1 26 31 26.666 26.666 0 0 1 1 6a3.333 3.333 0 0 1 3.333-3.333ZM21 7.667A3.333 3.333 0 0 1 24.333 11M21 1a10 10 0 0 1 10 10\"><\/path> <\/svg> <\/div> <div class=\"flex flex-col pl-7 lg:flex-row lg:justify-between lg:pl-5 lg:w-full\"> <p class=\"font-bold font-sans text-Primary_dark text-base\">Dzia\u0142 handlowy:<\/p> <a href=\"tel:+48 602 445 690\" class=\"font-bold font-sans text-Primary_dark text-base\">+48 602 445 690<\/a> <\/div> <\/div>\n\n\n\n<div class=\"wp-block-punkt-drukarnia-contact-section-child bg-white flex flex-row items-center max-w-screen-sm mb-3 pl-6 pr-3 py-3 lg:pr-20 lg:py-5\"> <div class=\"bg-Primary_yellow yellow-circle\"> <svg xmlns=\"http:\/\/www.w3.org\/2000\/svg\" width=\"32\" height=\"32\" fill=\"none\" class=\"svg-phone-position\"> <path stroke=\"#1B1B11\" stroke-linecap=\"round\" stroke-linejoin=\"round\" stroke-width=\"2\" d=\"M4.333 2.667H11L14.333 11l-4.166 2.5a18.334 18.334 0 0 0 8.333 8.333l2.5-4.166L29.333 21v6.667A3.333 3.333 0 0 1 26 31 26.666 26.666 0 0 1 1 6a3.333 3.333 0 0 1 3.333-3.333ZM21 7.667A3.333 3.333 0 0 1 24.333 11M21 1a10 10 0 0 1 10 10\"><\/path> <\/svg> <\/div> <div class=\"flex flex-col pl-7 lg:flex-row lg:justify-between lg:pl-5 lg:w-full\"> <p class=\"font-bold font-sans text-Primary_dark text-base\">Kierownik produkcji:<\/p> <a href=\"tel:+48 600 224 456\" class=\"font-bold font-sans text-Primary_dark text-base\">+48 600 224 456<\/a> <\/div> <\/div>\n\n\n\n<div class=\"wp-block-punkt-drukarnia-contact-section-child bg-white flex flex-row items-center max-w-screen-sm mb-3 pl-6 pr-3 py-3 lg:pr-20 lg:py-5\"> <div class=\"bg-Primary_yellow yellow-circle\"> <svg xmlns=\"http:\/\/www.w3.org\/2000\/svg\" width=\"32\" height=\"32\" fill=\"none\" class=\"svg-phone-position\"> <path stroke=\"#1B1B11\" stroke-linecap=\"round\" stroke-linejoin=\"round\" stroke-width=\"2\" d=\"M4.333 2.667H11L14.333 11l-4.166 2.5a18.334 18.334 0 0 0 8.333 8.333l2.5-4.166L29.333 21v6.667A3.333 3.333 0 0 1 26 31 26.666 26.666 0 0 1 1 6a3.333 3.333 0 0 1 3.333-3.333ZM21 7.667A3.333 3.333 0 0 1 24.333 11M21 1a10 10 0 0 1 10 10\"><\/path> <\/svg> <\/div> <div class=\"flex flex-col pl-7 lg:flex-row lg:justify-between lg:pl-5 lg:w-full\"> <p class=\"font-bold font-sans text-Primary_dark text-base\">Obs\u0142uga prawna:<\/p> <a href=\"tel:+48 696 445 644\" class=\"font-bold font-sans text-Primary_dark text-base\">+48 696 445 644<\/a> <\/div> <\/div>\n\n                <\/div>\n                <div class=\"bg-Primary_yellow flex flex-row items-center max-w-screen-sm mb-3 pl-6 pr-3 py-3 lg:py-5\"> \n                    <div class=\"bg-white yellow-circle\">\n                        <svg xmlns=\"http:\/\/www.w3.org\/2000\/svg\" width=\"28\" height=\"32\" fill=\"none\" class=\"svg-pin-position\">\n                            <path stroke=\"#000\" stroke-linecap=\"round\" stroke-linejoin=\"round\" stroke-width=\"2\" d=\"M9.125 13.983c0 1.291.514 2.53 1.428 3.443a4.878 4.878 0 0 0 6.894 0 4.866 4.866 0 0 0 0-6.886 4.878 4.878 0 0 0-6.894 0 4.866 4.866 0 0 0-1.428 3.443Z\"\/>\n                            <path stroke=\"#000\" stroke-linecap=\"round\" stroke-linejoin=\"round\" stroke-width=\"2\" d=\"m23.193 23.164-6.895 6.886a3.252 3.252 0 0 1-4.594 0l-6.897-6.886A12.978 12.978 0 0 1 1.99 9.014c.984-2.372 2.65-4.4 4.788-5.826a13.012 13.012 0 0 1 14.444 0 12.97 12.97 0 0 1 1.97 19.976Z\"\/>\n                        <\/svg>\n                    <\/div>                     \n                    <div class=\"flex flex-col pl-7 lg:flex-row lg:pl-5\">\n                        <p class=\"font-bold font-sans text-Primary_dark text-base\">ul. Elewatorska 13 lok.8,&nbsp;<\/p>\n                        <p class=\"font-bold font-sans text-Primary_dark text-base\">15-620 Bia\u0142ystok, Polska<\/p>\n                    <\/div>\n                <\/div>\n            <\/div>\n        <\/div>\n        <div data-aos=\"fade-left\" class=\"bg-Primary_yellow contact-padding pt-10 px-5 lg:flex lg:justify-end lg:pt-40 lg:w-6\/12 xl:px-2\"> \n            <div class=\"lg:max-w-lg\">\n                <h2 class=\"font-NotoSans font-extrabold text-2xl text-Primary_dark\">Formularz kontaktowy<\/h2>\n                <p class=\"border-Primary_dark border-b border-solid font-sans pb-8 pt-3 text-Primary_dark text-sm\">Skontaktuj si\u0119 z nami wype\u0142niaj\u0105c poni\u017cszy formularz, a my odpowiemy najszybciej, jak to b\u0119dzie mo\u017cliwe.<\/p>\n                <p class=\"font-bold font-sans pt-7 text-Primary_dark text-sm lg:pt-3\">Wybierz us\u0142ugi kt\u00f3re Ci\u0119 interesuj\u0105<\/p>\n                <div class=\"pb-7 pt-3 lg:pb-5\">\n                    <div class=\"forminator-ui forminator-custom-form forminator-custom-form-484 forminator-design--default  forminator_ajax\" data-forminator-render=\"0\" data-form=\"forminator-module-484\" data-uid=\"69ff6ff26c0b6\"><br\/><\/div><form\n\t\t\t\tid=\"forminator-module-484\"\n\t\t\t\tclass=\"forminator-ui forminator-custom-form forminator-custom-form-484 forminator-design--default  forminator_ajax\"\n\t\t\t\tmethod=\"post\"\n\t\t\t\tdata-forminator-render=\"0\"\n\t\t\t\tdata-form-id=\"484\"\n\t\t\t\t\n\t\t\t\tdata-design=\"default\"\n\t\t\t\t\n\t\t\t\t\n\t\t\t\t\n\t\t\t\tdata-grid=\"open\"\n\t\t\t\t\n\t\t\t\t\n\t\t\t\tstyle=\"display: none;\"\n\t\t\t\t\n\t\t\t\tdata-uid=\"69ff6ff26c0b6\"\n\t\t\t><div class=\"forminator-response-message forminator-error\" aria-hidden=\"true\"><\/div><div class=\"forminator-row\"><div id=\"checkbox-1\" class=\"forminator-col forminator-col-12 \"><div role=\"group\" class=\"forminator-field\" aria-labelledby=\"forminator-checkbox-group-69ff6ff26c0b6-label\"><label for=\"forminator-field-checkbox-1-1-69ff6ff26c0b6\" class=\"forminator-checkbox forminator-checkbox-inline\" title=\"Etykiety samoprzylepne\"><input type=\"checkbox\" name=\"checkbox-1[]\" value=\"one\" id=\"forminator-field-checkbox-1-1-69ff6ff26c0b6\" data-calculation=\"0\"  aria-describedby=\"forminator-field-checkbox-1-69ff6ff26c0b6-description\"\/><span class=\"forminator-checkbox-box\" aria-hidden=\"true\"><\/span><span class=\"forminator-checkbox-label\">Etykiety samoprzylepne<\/span><\/label><label for=\"forminator-field-checkbox-1-2-69ff6ff26c0b6\" class=\"forminator-checkbox forminator-checkbox-inline\" title=\"Tabliczki znamionowe\"><input type=\"checkbox\" name=\"checkbox-1[]\" value=\"two\" id=\"forminator-field-checkbox-1-2-69ff6ff26c0b6\" data-calculation=\"0\"  aria-describedby=\"forminator-field-checkbox-1-69ff6ff26c0b6-description\"\/><span class=\"forminator-checkbox-box\" aria-hidden=\"true\"><\/span><span class=\"forminator-checkbox-label\">Tabliczki znamionowe<\/span><\/label><label for=\"forminator-field-checkbox-1-3-69ff6ff26c0b6\" class=\"forminator-checkbox forminator-checkbox-inline\" title=\"Fronty do paneli sterowania\"><input type=\"checkbox\" name=\"checkbox-1[]\" value=\"Fronty-do-paneli-sterowania\" id=\"forminator-field-checkbox-1-3-69ff6ff26c0b6\" data-calculation=\"0\"  aria-describedby=\"forminator-field-checkbox-1-69ff6ff26c0b6-description\"\/><span class=\"forminator-checkbox-box\" aria-hidden=\"true\"><\/span><span class=\"forminator-checkbox-label\">Fronty do paneli sterowania<\/span><\/label><label for=\"forminator-field-checkbox-1-4-69ff6ff26c0b6\" class=\"forminator-checkbox forminator-checkbox-inline\" title=\"Elastyczne obwody drukowania\"><input type=\"checkbox\" name=\"checkbox-1[]\" value=\"Elastyczne-obwody-drukowania\" id=\"forminator-field-checkbox-1-4-69ff6ff26c0b6\" data-calculation=\"0\"  aria-describedby=\"forminator-field-checkbox-1-69ff6ff26c0b6-description\"\/><span class=\"forminator-checkbox-box\" aria-hidden=\"true\"><\/span><span class=\"forminator-checkbox-label\">Elastyczne obwody drukowania<\/span><\/label><label for=\"forminator-field-checkbox-1-5-69ff6ff26c0b6\" class=\"forminator-checkbox forminator-checkbox-inline\" title=\"Interesuje mnie inna us\u0142uga\"><input type=\"checkbox\" name=\"checkbox-1[]\" value=\"Interesuje-mnie-inna-us\u0142uga\" id=\"forminator-field-checkbox-1-5-69ff6ff26c0b6\" data-calculation=\"0\"  aria-describedby=\"forminator-field-checkbox-1-69ff6ff26c0b6-description\"\/><span class=\"forminator-checkbox-box\" aria-hidden=\"true\"><\/span><span class=\"forminator-checkbox-label\">Interesuje mnie inna us\u0142uga<\/span><\/label><\/div><\/div><\/div><div class=\"forminator-row\"><div id=\"html-1\" class=\"forminator-col forminator-col-12 \"><div class=\"forminator-field forminator-merge-tags\" data-field=\"html-1\"><div style=\"border-bottom: 1px solid #000000;height: 1px\">\u00a0<\/div><\/div><\/div><\/div><div class=\"forminator-row\"><div id=\"name-1\" class=\"forminator-col forminator-col-6 \"><div class=\"forminator-field\"><input type=\"text\" name=\"name-1\" value=\"\" placeholder=\"Imi\u0119 (Opcjonalnie)\" id=\"forminator-field-name-1_69ff6ff26c0b6\" class=\"forminator-input forminator-name--field\" aria-required=\"false\" \/><\/div><\/div><div id=\"name-2\" class=\"forminator-col forminator-col-6 \"><div class=\"forminator-field\"><input type=\"text\" name=\"name-2\" value=\"\" placeholder=\"Firma (Opcjonalnie)\" id=\"forminator-field-name-2_69ff6ff26c0b6\" class=\"forminator-input forminator-name--field\" aria-required=\"false\" \/><\/div><\/div><\/div><div class=\"forminator-row\"><div id=\"email-1\" class=\"forminator-col forminator-col-6 \"><div class=\"forminator-field\"><input type=\"email\" name=\"email-1\" value=\"\" placeholder=\"E-mail*\" id=\"forminator-field-email-1_69ff6ff26c0b6\" class=\"forminator-input forminator-email--field\" data-required=\"1\" aria-required=\"true\" \/><\/div><\/div><div id=\"phone-1\" class=\"forminator-col forminator-col-6 \"><div class=\"forminator-field\"><input type=\"text\" name=\"phone-1\" value=\"\" placeholder=\"Telefon*\" id=\"forminator-field-phone-1_69ff6ff26c0b6\" class=\"forminator-input forminator-field--phone\" data-required=\"1\" aria-required=\"true\" autocomplete=\"off\" \/><\/div><\/div><\/div><div class=\"forminator-row\"><div id=\"textarea-1\" class=\"forminator-col forminator-col-12 \"><div class=\"forminator-field\"><textarea name=\"textarea-1\" placeholder=\"Napisz wiadomo\u015b\u0107\" id=\"forminator-field-textarea-1_69ff6ff26c0b6\" class=\"forminator-textarea\" rows=\"6\" style=\"min-height:140px;\" ><\/textarea><\/div><\/div><\/div><div class=\"forminator-row\"><div id=\"consent-1\" class=\"forminator-col forminator-col-12 \"><div class=\"forminator-field\"><div class=\"forminator-checkbox__wrapper\"><label for=\"forminator-field-consent-1_69ff6ff26c0b6\" class=\"forminator-checkbox\" style=\"margin: 0;\" aria-labelledby=\"forminator-field-consent-1_69ff6ff26c0b6__label\"><input type=\"checkbox\" name=\"consent-1\" value=\"checked\" id=\"forminator-field-consent-1_69ff6ff26c0b6\" data-required=\"true\" aria-required=\"true\" \/><span class=\"forminator-checkbox-box\" aria-hidden=\"true\"><\/span><\/label><div id=\"forminator-field-consent-1_69ff6ff26c0b6__label\" class=\"forminator-checkbox__label\"><p>Akceptuj\u0119 postanowienia <a style=\"color: #000000;text-decoration: underline\" href=\"https:\/\/punktdruckerei.de\/polityka-prywatnosci\/\" target=\"_blank\" rel=\"noopener\">Polityki prywatno\u015bci.<\/a><\/p><\/div><\/div><\/div><\/div><\/div><input type=\"hidden\" name=\"referer_url\" value=\"\" \/><div class=\"forminator-row forminator-row-last\"><div class=\"forminator-col\"><div class=\"forminator-field\"><button class=\"forminator-button forminator-button-submit\">Wy\u015blij<\/button><\/div><\/div><\/div><input type=\"hidden\" id=\"forminator_nonce\" name=\"forminator_nonce\" value=\"8cbf20f184\" \/><input type=\"hidden\" name=\"_wp_http_referer\" value=\"\/pl\/wp-json\/wp\/v2\/pages\/50\" \/><input type=\"hidden\" name=\"form_id\" value=\"484\"><input type=\"hidden\" name=\"page_id\" value=\"50\"><input type=\"hidden\" name=\"form_type\" value=\"default\"><input type=\"hidden\" name=\"current_url\" value=\"https:\/\/punktdruckerei.de\/pl\/kontakt\/\"><input type=\"hidden\" name=\"render_id\" value=\"0\"><input type=\"hidden\" name=\"action\" value=\"forminator_submit_form_custom-forms\"><\/form>                <\/div>\n            <\/div>             \n        <\/div>\n    <\/div>     \n<\/section>","protected":false},"excerpt":{"rendered":"","protected":false},"author":1,"featured_media":0,"parent":0,"menu_order":0,"comment_status":"closed","ping_status":"closed","template":"","meta":{"_monsterinsights_skip_tracking":false,"_monsterinsights_sitenote_active":false,"_monsterinsights_sitenote_note":"","_monsterinsights_sitenote_category":0,"footnotes":""},"class_list":["post-50","page","type-page","status-publish","hentry"],"acf":[],"_links":{"self":[{"href":"https:\/\/punktdruckerei.de\/pl\/wp-json\/wp\/v2\/pages\/50","targetHints":{"allow":["GET"]}}],"collection":[{"href":"https:\/\/punktdruckerei.de\/pl\/wp-json\/wp\/v2\/pages"}],"about":[{"href":"https:\/\/punktdruckerei.de\/pl\/wp-json\/wp\/v2\/types\/page"}],"author":[{"embeddable":true,"href":"https:\/\/punktdruckerei.de\/pl\/wp-json\/wp\/v2\/users\/1"}],"replies":[{"embeddable":true,"href":"https:\/\/punktdruckerei.de\/pl\/wp-json\/wp\/v2\/comments?post=50"}],"version-history":[{"count":17,"href":"https:\/\/punktdruckerei.de\/pl\/wp-json\/wp\/v2\/pages\/50\/revisions"}],"predecessor-version":[{"id":880,"href":"https:\/\/punktdruckerei.de\/pl\/wp-json\/wp\/v2\/pages\/50\/revisions\/880"}],"wp:attachment":[{"href":"https:\/\/punktdruckerei.de\/pl\/wp-json\/wp\/v2\/media?parent=50"}],"curies":[{"name":"wp","href":"https:\/\/api.w.org\/{rel}","templated":true}]}}