{"id":551,"date":"2023-04-07T13:44:14","date_gmt":"2023-04-07T11:44:14","guid":{"rendered":"https:\/\/punktdruckerei.de\/?page_id=551"},"modified":"2023-12-15T14:41:23","modified_gmt":"2023-12-15T13:41:23","slug":"warunki-zawierania-umow","status":"publish","type":"page","link":"https:\/\/punktdruckerei.de\/pl\/warunki-zawierania-umow\/","title":{"rendered":"Warunki Zawierania Um\u00f3w"},"content":{"rendered":"\n<section class=\"wp-block-punkt-drukarnia-main-section-3 bg-Primary_dark px-5 relative\"> <div class=\"absolute bottom-8 left-2\/3 z-30 lg:bottom-16\"> <div class=\"relative\"> <div data-empty-placeholder=\"\" class=\"absolute bg-white left-8 square lg:left-16\"><\/div> <div data-empty-placeholder=\"\" class=\"absolute bg-Primary_dark square top-8 lg:top-16\"><\/div> <\/div> <\/div><div class=\"flex flex-row items-center justify-between max-w-screen-xl mx-auto py-28 md:pb-24 md:pt-32\"> <h1 data-aos=\"fade-right\" class=\"font-NotoSans font-extrabold font34 text-white\">Warunki Zawierania Um\u00f3w<\/h1> <\/div> <\/section>\n\n\n\n<section class=\"wp-block-punkt-drukarnia-text-section px-5\"> <div data-aos=\"fade\" class=\"max-w-screen-xl mx-auto py-12 lg:py-16\">\n<p class=\"wp-block-punkt-drukarnia-text-section-heading font-medium font-sans text-2xl text-Primary_dark\">\u00a71 Postanowienia wst\u0119pne<\/p>\n\n\n\n<p class=\"wp-block-punkt-drukarnia-text-section-text font-normal font-sans pb-10 pt-8 text-Primary_dark text-lg lg:pb-16 lg:pt-10\">1. Og\u00f3lne Warunki Zawierania Um\u00f3w (dalej: OWU) wskazuj\u0105 generalne zasady \u015bwiadczenia zobowi\u0105za\u0144 przez Punkt Drukarnia Cyfrowa Ewa Matwiejuk NIP: 5421559150 ul. Elewatorska 13 lok 8, 15-620 Bia\u0142ystok, Polska (dalej: Wykonawca) na rzecz Zamawiaj\u0105cego.<br><br>2. W przypadku rozbie\u017cno\u015bci pomi\u0119dzy Og\u00f3lnymi Warunkami Zawierania Um\u00f3w a tre\u015bci\u0105 zawartej przez Wykonawc\u0119 z Zamawiaj\u0105cym Umowy pierwsze\u0144stwo maj\u0105 zapisy Umowy. Nie dotyczy to jednak zasad okre\u015blaj\u0105cych gwarancj\u0119 wskazanych w \u00a7 5 OWZU.<br><br>3. W przypadku braku odmiennych uzgodnie\u0144 do zawieranych um\u00f3w zastosowanie ma prawo polskie.<br><br>4. W sprawach nieuregulowanych w OWZU oraz w Umowie stosuje si\u0119 zasady prawa powszechnie obowi\u0105zuj\u0105cego na terytorium Rzeczpospolitej Polskiej.<br><br>5. S\u0105dem w\u0142a\u015bciwym do rozpoznania ewentualnych spor\u00f3w pomi\u0119dzy Wykonawc\u0105 a Zamawiaj\u0105cym b\u0119dzie s\u0105d w\u0142a\u015bciwy dla siedziby Wykonawcy.<br><br>6. Na gruncie um\u00f3w zawieranych przez Wykonawc\u0119 z Zamawiaj\u0105cym za wi\u0105\u017c\u0105ce uwa\u017ca si\u0119 nast\u0119puj\u0105ce definicje:<br><br>a) Strona \u2013 Wykonawca lub Zamawiaj\u0105cy.<br><br>b) Dzie\u0144 roboczy \u2013 ka\u017cdy dzie\u0144 od poniedzia\u0142ku do pi\u0105tku za wyj\u0105tkiem dni ustawowo wolnych od pracy na terytorium Rzeczypospolitej Polskiej.<br><br>c) Zamawiaj\u0105cy &#8211; podmiot zawieraj\u0105cy Umow\u0119 z Wykonawc\u0105 w celach zwi\u0105zanych z prowadzon\u0105 przez siebie dzia\u0142alno\u015bci\u0105 gospodarcz\u0105 lub zawodow\u0105 a tak\u017ce podmiot prawa publicznego.<br><br>d) Si\u0142a wy\u017csza \u2013 zdarzenie niedaj\u0105ce si\u0119 przewidzie\u0107 przy do\u0142o\u017ceniu nale\u017cytej staranno\u015bci oraz niemo\u017cliwe do zapobie\u017cenia.<br><br>e) Umowa \u2013 stosunek zobowi\u0105zaniowy pomi\u0119dzy Zamawiaj\u0105cym a Wykonawc\u0105 kt\u00f3rego tre\u015b\u0107 stanowi\u0105 OWZU oraz postanowienia umowy uzgodnione indywidualnie pomi\u0119dzy Zamawiaj\u0105cym a Wykonawc\u0105 w spos\u00f3b wskazany w \u00a7 2 OWZU.<br><br>f) Produkt \u2013 rzecz ruchoma wytworzona i przeznaczona do sprzeda\u017cy lub dostawy przez Wykonawc\u0119 b\u0119d\u0105ca w aktualnej ofercie Wykonawcy.<\/p>\n\n\n\n<p class=\"wp-block-punkt-drukarnia-text-section-heading font-medium font-sans text-2xl text-Primary_dark\">\u00a72 Zasady dotycz\u0105ce zawierania um\u00f3w<\/p>\n\n\n\n<p class=\"wp-block-punkt-drukarnia-text-section-text font-normal font-sans pb-10 pt-8 text-Primary_dark text-lg lg:pb-16 lg:pt-10\">1. W ramach prowadzonej dzia\u0142alno\u015bci gospodarczej Wykonawca oferuje sprzeda\u017c towar\u00f3w oraz ich dostaw\u0119.<br><br>2. W celu zawarcia Umowy sprzeda\u017cy lub dostawy Zamawiaj\u0105cy kieruje wobec Wykonawcy zapytanie ofertowe zawieraj\u0105ce co najmniej:<br><br>a ) oznaczenie produktu lub produkt\u00f3w maj\u0105cych by\u0107 przedmiotem Umowy oraz ich ilo\u015b\u0107,<br><br>b) proponowany termin realizacji Umowy oraz, w przypadku Umowy dostawy, adres na jaki Wykonawca mia\u0142by dostarczy\u0107 produkt.<br><br>3. Zapytanie ofertowe kierowane jest na adres email Wykonawcy za pomoc\u0105 poczty elektronicznej Zamawiaj\u0105cego.<br><br>4. Wykonawca zobowi\u0105zuje si\u0119 w terminie 7 dni roboczych od otrzymania zapytania ofertowego do wystosowania oferty Zamawiaj\u0105cemu zawieraj\u0105cej proponowan\u0105 przez Wykonawc\u0119 tre\u015b\u0107 Umowy. W ci\u0105gu 5 dni roboczych od otrzymania zapytania Wykonawca mo\u017ce r\u00f3wnie\u017c poinformowa\u0107 Zamawiaj\u0105cego o braku mo\u017cliwo\u015bci z\u0142o\u017cenia oferty. Wykonawca b\u0119dzie zwi\u0105zany warunkami zawartymi w ofercie w terminie wskazanym w ofercie.<br><br>5. Po otrzymaniu oferty od Wykonawcy Zamawiaj\u0105cy mo\u017ce:<br><br>a) potwierdzi\u0107 warunki zawarte w ofercie,<br><br>b) z\u0142o\u017cy\u0107 o\u015bwiadczenie o rezygnacji z umowy,<br><br>c) wprowadzi\u0107 modyfikacj\u0119 do z\u0142o\u017conej przez Wykonawc\u0119 oferty w terminie 3 dni roboczych od dnia otrzymania oferty, co b\u0119dzie stanowi\u0142o nowe zapytanie ofertowe Zamawiaj\u0105cego podlegaj\u0105ce procedurze zawarcia umowy zgodnie z OWZU.<br><br>6. Po potwierdzeniu warunk\u00f3w oferty Wykonawca przedstawi Zamawiaj\u0105cemu do zaakceptowania umow\u0119 zawieraj\u0105c\u0105 w swej tre\u015bci warunki zawarte w ofercie potwierdzonej przez Zamawiaj\u0105cego w terminie 3 dni roboczych od dnia zaakceptowania oferty.<br><br>7. Zawarcie umowy nast\u0105pi w formie pisemnej poprzez z\u0142o\u017cenie podpisu pod umow\u0105 przez osob\u0119 uprawnion\u0105 do zawarcia umowy lub poprzez akceptacj\u0119 tre\u015bci Umowy przez Wykonawc\u0119. Zamawiaj\u0105cy z\u0142o\u017cy podpis pod umow\u0105 w terminie 3 dni roboczych od dnia przedstawienia mu umowy. Wykonawca z\u0142o\u017cy podpis pod umow\u0105 w terminie 3 dni roboczych od dnia otrzymania zaakceptowanej i podpisanej umowy przez Zamawiaj\u0105cego, b\u0105d\u017a zaakceptuje umow\u0119 kt\u00f3rej skan przes\u0142any zostanie Wykonawcy za po\u015brednictwem poczty elektronicznej. W tym celu Zamawiaj\u0105cy wy\u015ble podpisan\u0105 przez siebie Umow\u0119 na adres Wykonawcy przesy\u0142k\u0105 pocztow\u0105 b\u0105d\u017a kurierem lub prze\u015ble skan umowy zawieraj\u0105cej podpis za po\u015brednictwem poczty elektronicznej na adres email Wykonawcy. Momentem zawarcia umowy b\u0119dzie podpisanie Umowy przez Wykonawc\u0119, b\u0105d\u017a akceptacja tre\u015bci Umowy przes\u0142anej za po\u015brednictwem poczty elektronicznej.<\/p>\n\n\n\n<p class=\"wp-block-punkt-drukarnia-text-section-heading font-medium font-sans text-2xl text-Primary_dark\">\u00a73 Wykonanie Umowy<\/p>\n\n\n\n<p class=\"wp-block-punkt-drukarnia-text-section-text font-normal font-sans pb-10 pt-8 text-Primary_dark text-lg lg:pb-16 lg:pt-10\">1. Wykonawca o\u015bwiadcza i zapewnia, i\u017c posiada wiedz\u0119 i do\u015bwiadczenie oraz wszelkie zezwolenia i licencje (o ile s\u0105 wymagane) niezb\u0119dne do nale\u017cytego wykonania Um\u00f3w zawartych z Zamawiaj\u0105cym a swoje zobowi\u0105zania b\u0119dzie wykonywa\u0142 w dobrej wierze.<br><br>2. Zamawiaj\u0105cy b\u0119dzie wykonywa\u0142 wynikaj\u0105ce z umowy zobowi\u0105zania w wyznaczonych terminach i wsp\u00f3\u0142pracowa\u0142 z Wykonawc\u0105 w celu wykonania umowy.<br><br>3. Na \u017c\u0105danie Wykonawcy Zamawiaj\u0105cy udzieli Wykonawcy niezw\u0142ocznie, nie p\u00f3\u017aniej jednak ni\u017c w ci\u0105gu 7 dni roboczych od dnia wystosowania \u017c\u0105dania, wszelkich informacji zwi\u0105zanych z wykonaniem Umowy.<br><br>4. Wykonawca nie b\u0119dzie odpowiedzialny za uchybienie terminowi wykonania umowy gdy nast\u0105pi to w wyniku dzia\u0142ania si\u0142y wy\u017cszej lub braku wsp\u00f3\u0142pracy Zamawiaj\u0105cego w wykonaniu Umowy w tym m. in. braku udzielenia niezb\u0119dnych do wykonania Umowy informacji. Termin wykonania Umowy zostanie przed\u0142u\u017cony proporcjonalnie do czasu trwania przeszkody w jej wykonaniu.<br><br>5. Ze strony Wykonawcy zarz\u0105dzanie Umowami b\u0119dzie wykonywane przez:&#8230;&#8230;&#8230;&#8230;&#8230;&#8230;adres email:<br><br>6. Zamawiaj\u0105cy do wykonania Umowy wyznaczy osob\u0119 zarz\u0105dzaj\u0105c\u0105 wykonaniem Umowy wskazuj\u0105c adres email tej osoby.<br><br>7. Po odebraniu \u015bwiadczenia Wykonawcy przez Zamawiaj\u0105cego w terminie 3 dni roboczych od dnia wykonania Umowy Zamawiaj\u0105cy przedstawi Wykonawcy protok\u00f3\u0142 odbioru produkt\u00f3w b\u0119d\u0105cych przedmiotem Umowy poprzez wys\u0142anie przesy\u0142k\u0105 pocztow\u0105 b\u0105d\u017a kurierem protoko\u0142u odbioru na adres Wykonawcy lub przes\u0142anie podpisanego skanu protoko\u0142u odbioru za po\u015brednictwem poczty elektronicznej na adres email Wykonawcy.<br><br>8. W przypadku gdy Zamawiaj\u0105cy nie prze\u015ble protoko\u0142u odbioru we wskazanym terminie, Strony zgodnie uznaj\u0105, \u017ce dostawa odby\u0142a si\u0119 prawid\u0142owo i Zamawiaj\u0105cy nie ma zastrze\u017ce\u0144 co do ilo\u015bci oraz terminu realizacji Zam\u00f3wienia.<br><br>9. Zamawiaj\u0105cy b\u0119dzie odpowiedzialny za szkod\u0119 powsta\u0142\u0105 w wyniku niewykonania Umowy gdy szkoda nast\u0105pi\u0142a w wyniku braku wsp\u00f3\u0142dzia\u0142ania Zamawiaj\u0105cego w wykonaniu umowy w m.in. z braku udzielenia Wykonawcy informacji niezb\u0119dnych do jej realizacji.<br><br>10. Wykonawca jest uprawniony do wyboru \u015brodka i sposobu transportu produkt\u00f3w b\u0119d\u0105cych przedmiotem Umowy na adres wskazany przez Zamawiaj\u0105cego. Koszt transportu nie jest zawarty w cenie sprzeda\u017cy lub dostawy produktu i pokrywa go w ca\u0142o\u015bci Zamawiaj\u0105cy.<br><br>11. Rzeczy ruchome pozostaj\u0105 w\u0142asno\u015bci\u0105 Wykonawcy do czasu wykonania ca\u0142o\u015bci zobowi\u0105zania umownego przez Zamawiaj\u0105cego w szczeg\u00f3lno\u015bci za\u015b do czasu dokonania p\u0142atno\u015bci ca\u0142ej kwoty wskazanej w Umowie. Zamawiaj\u0105cy jest odpowiedzialny za utrzymanie produktu w stanie niepogorszonym od czasu wej\u015bcia w jego posiadanie i nie przys\u0142uguje mu z tego tytu\u0142u wynagrodzenie wzgl\u0119dem Wykonawcy.<\/p>\n\n\n\n<p class=\"wp-block-punkt-drukarnia-text-section-heading font-medium font-sans text-2xl text-Primary_dark\">\u00a74 Wynagrodzenie Wykonawcy<\/p>\n\n\n\n<p class=\"wp-block-punkt-drukarnia-text-section-text font-normal font-sans pb-10 pt-8 text-Primary_dark text-lg lg:pb-16 lg:pt-10\">1. Wynagrodzenie Wykonawcy b\u0119dzie p\u0142atne na podstawie prawid\u0142owo wystawionej faktury vat i w terminie tam wskazanym.<br><br>2. Wykonawca w Umowie mo\u017ce zastrzec obowi\u0105zek zap\u0142aty przez Zamawiaj\u0105cego zaliczki w wysoko\u015bci do 50% warto\u015bci zam\u00f3wienia we wskazanym przez siebie terminie.<br><br>3. Brak wp\u0142aty zaliczki we wskazanym terminie uprawnia Wykonawc\u0119 do odst\u0105pienia od Umowy.<br><br>4. Do wynagrodzenia nale\u017cnego Wykonawcy wskazanego w Umowie w kwocie netto zostanie doliczony podatek VAT w wysoko\u015bci wynikaj\u0105cej z przepis\u00f3w prawa obowi\u0105zuj\u0105cych na terytorium Rzeczypospolitej Polskiej w chwili wystawienia faktury vat.<br><br>5. P\u0142atno\u015b\u0107 wynagrodzenia nast\u0105pi w z\u0142otych polskich lub w walucie euro po przeliczeniu warto\u015bci zgodnie ze \u015brednim kursem walut obcych Narodowego Banku Polskiego na dzie\u0144 dokonania p\u0142atno\u015bci przez Zamawiaj\u0105cego.<br><br>6. Wykonawca b\u0119dzie uprawniony do wystawienia faktury vat po przedstawieniu przez Zamawiaj\u0105cego protoko\u0142u odbioru wskazanego w \u00a7 3 ust. 7 OWZU lub po bezskutecznym up\u0142ywie terminu tam wskazanego.<br><br>7. Zamawiaj\u0105cy wyra\u017ca zgod\u0119 na przes\u0142anie faktury vat drog\u0105 elektroniczn\u0105 i o\u015bwiadcza, \u017ce nie wymaga dokonania pod ni\u0105 podpisu przez Wykonawc\u0119.<\/p>\n\n\n\n<p class=\"wp-block-punkt-drukarnia-text-section-heading font-medium font-sans text-2xl text-Primary_dark\">\u00a75 Gwarancja i r\u0119kojmia<\/p>\n\n\n\n<p class=\"wp-block-punkt-drukarnia-text-section-text font-normal font-sans pb-10 pt-8 text-Primary_dark text-lg lg:pb-16 lg:pt-10\">1. Wykonawca jest zobowi\u0105zany dostarczy\u0107 zam\u00f3wione produkty zgodnie z tre\u015bci\u0105 zawartej Umowy.<br><br>2. Zamawiaj\u0105cy jest zobowi\u0105zany do niezw\u0142ocznego sprawdzenia czy zam\u00f3wione produkty s\u0105 wolne od wad fizycznych oraz czy ich ilo\u015b\u0107 oraz rodzaj odpowiada zawartej Umowie. O\u015bwiadczenie o nieistnieniu wad fizycznych oraz o zgodno\u015bci produktu z Umow\u0105 Zamawiaj\u0105cy przeka\u017ce Wykonawcy w terminie 3 dni roboczych od dnia dostarczenia mu produktu za pomoc\u0105 poczty elektronicznej na adres email Wykonawcy wskazany w Umowie.<br><br>3. Brak przekazania Wykonawcy o\u015bwiadczenia w spos\u00f3b i w terminie o kt\u00f3rym mowa w \u00a75 ust. 2 OWZU b\u0119dzie rozumiane przez Strony jako z\u0142o\u017cenie przez Zamawiaj\u0105cego o\u015bwiadczenia o braku wad fizycznych rzeczy oraz o ich zgodno\u015bci z Umow\u0105.<br><br>4. O\u015bwiadczenie z\u0142o\u017cone przez Zamawiaj\u0105cego w spos\u00f3b wskazany w \u00a7 5 ust. 2 lub 3 OWZU zwalnia Wykonawc\u0119 z odpowiedzialno\u015bci za wady fizyczne rzeczy oraz ich niezgodno\u015b\u0107 z zawart\u0105 Umow\u0105 oraz zwalnia Wykonawc\u0119 z koszt\u00f3w od\u0142\u0105czenia i ponownego po\u0142\u0105czenia produktu w przypadku gdy zosta\u0142 on po\u0142\u0105czony z innymi rzeczami w przypadku konieczno\u015bci jego wymiany na nowy lub dokonania naprawy.<br><br>5. Wykonawca udziela gwarancji na wytworzone przez siebie produkty na okres 12 miesi\u0119cy liczony od dnia wydania rzeczy Zamawiaj\u0105cemu.<br><br>6. W celu wykonania uprawnie\u0144 zwi\u0105zanych z gwarancj\u0105 Zamawiaj\u0105cy w terminie 7 dni roboczych od dnia wykrycia wady produktu zg\u0142osi reklamacje Wykonawcy poczt\u0105 elektroniczn\u0105 na adres:<br><br>7. Wykonawca jest zobowi\u0105zany do rozpatrzenia reklamacji w terminie 7 dni roboczych od przyj\u0119cia zg\u0142oszenia.<br><br>8. W przypadku stwierdzenia zasadno\u015bci reklamacji Wykonawca dokona naprawy produktu lub dokona wymiany rzeczy na woln\u0105 od wad w terminie 7 dni od dnia stwierdzenia zasadno\u015bci reklamacji. Koszty zwi\u0105zane z wymian\u0105 lub napraw\u0105 rzeczy , m.in. koszty dostarczenia produktu Zamawiaj\u0105cemu ponosi Zamawiaj\u0105cy.<br><br>9. W przypadku wymiany rzeczy (produktu) na now\u0105 okres gwarancji dla tej rzeczy rozpoczyna bieg na nowo od dnia wydania jej Zamawiaj\u0105cemu.<br><br>10. Okre\u015blone w OWZU warunki gwarancji wy\u0142\u0105czaj\u0105 stosowanie przepis\u00f3w prawa powszechnie obowi\u0105zuj\u0105cego w zakresie r\u0119kojmi w zakresie uregulowanym w OWZU.<br><br>11. Strony Umowy zgodnie wy\u0142\u0105czaj\u0105 odpowiedzialno\u015b\u0107 kontraktow\u0105 Wykonawcy z tytu\u0142u r\u0119kojmi.<\/p>\n\n\n\n<p class=\"wp-block-punkt-drukarnia-text-section-heading font-medium font-sans text-2xl text-Primary_dark\">\u00a76 Partia pr\u00f3bna, pr\u00f3bka.<\/p>\n\n\n\n<p class=\"wp-block-punkt-drukarnia-text-section-text font-normal font-sans pb-10 pt-8 text-Primary_dark text-lg lg:pb-16 lg:pt-10\">1. Zamawiaj\u0105cy mo\u017ce zastrzec w Umowie, i\u017c Wykonawca dostarczy mu parti\u0119 pr\u00f3bn\u0105 lub pr\u00f3bk\u0119 produkt\u00f3w b\u0119d\u0105cych przedmiotem Umowy w celu dokonania ich sprawdzenia w zakresie braku wad fizycznych oraz zgodno\u015bci zam\u00f3wionych produkt\u00f3w z umow\u0105. Zamawiaj\u0105cy wska\u017ce Wykonawcy ilo\u015b\u0107 oraz produkt kt\u00f3rego pr\u00f3bka lub partia pr\u00f3bna b\u0119dzie mu dostarczona przez Wykonawc\u0119.<br><br>2. Zamawiaj\u0105cy b\u0119dzie zobowi\u0105zany do niezw\u0142ocznego sprawdzenia dostarczonych w partii pr\u00f3bnej produkt\u00f3w w zakresie wskazanym w \u00a76 ust. 1 OWZU i przedstawienia Wykonawcy nie p\u00f3\u017aniej ni\u017c w terminie 3 dni roboczych od dnia dostarczenia partii pr\u00f3bnej, o\u015bwiadczenia co do zgodno\u015bci produkt\u00f3w z zawart\u0105 Umow\u0105 oraz braku wad fizycznych produktu.<br><br>3. W przypadku z\u0142o\u017cenia o\u015bwiadczenia o braku wad fizycznych produkt\u00f3w dostarczonych w partii pr\u00f3bnej oraz ich zgodno\u015bci z zawart\u0105 Umow\u0105 Zamawiaj\u0105cy traci uprawnienia wynikaj\u0105ce z gwarancji do pozosta\u0142ych produkt\u00f3w dostarczonych Zamawiaj\u0105cemu w ramach zawartej Umowy pod warunkiem, i\u017c jako\u015b\u0107 produkt\u00f3w dostarczonych Zamawiaj\u0105cemu ich nie jest gorsza od produkt\u00f3w dostarczonych w serii pr\u00f3bnej lub pr\u00f3bce produktu.<br><br>4. W przypadku stwierdzenia niezgodno\u015bci pr\u00f3bki lub serii pr\u00f3bnej z Umow\u0105 lub wad fizycznych Zamawiaj\u0105cy mo\u017ce odst\u0105pi\u0107 od Umowy w terminie 3 dni roboczych od stwierdzenia niezgodno\u015bci towaru z Umow\u0105 b\u0105d\u017a stwierdzenia istnienia wad fizycznych.<br><br>5. Brak przekazania Wykonawcy o\u015bwiadczenia w spos\u00f3b i w terminie o kt\u00f3rym mowa w \u00a76 ust. 2 OWZU b\u0119dzie rozumiane przez Strony jako z\u0142o\u017cenie przez Zamawiaj\u0105cego o\u015bwiadczenia o braku wad fizycznych rzeczy oraz o ich zgodno\u015bci z Umow\u0105.<br><br>6. Koszty wyprodukowania i dostarczenia serii pr\u00f3bnej lub pr\u00f3bki produktu Zamawiaj\u0105cemu ponosi Zamawiaj\u0105cy.<\/p>\n\n\n\n<p class=\"wp-block-punkt-drukarnia-text-section-heading font-medium font-sans text-2xl text-Primary_dark\">\u00a77 W\u0142asno\u015b\u0107 intelektualna<\/p>\n\n\n\n<p class=\"wp-block-punkt-drukarnia-text-section-text font-normal font-sans pb-10 pt-8 text-Primary_dark text-lg lg:pb-16 lg:pt-10\">1. Wszelkie prawa i uprawnienia Wykonawcy zwi\u0105zane z prawami autorskimi do wytworzonych przez niego produkt\u00f3w pozostaj\u0105 jego w\u0142asno\u015bci\u0105 i nie przechodz\u0105 chocia\u017cby w cz\u0119\u015bci na rzecz Zamawiaj\u0105cego w ramach zawartej Umowy.<br><br>2. Je\u015bli wyprodukowany produkt narusza w jakikolwiek spos\u00f3b prawa os\u00f3b trzecich, w szczeg\u00f3lno\u015bci za\u015b prawa autorskie w zakresie wykonanych projekt\u00f3w, pr\u00f3bek towar\u00f3w oraz produkt\u00f3w ko\u0144cowych, odpowiedzialno\u015b\u0107 z tego tytu\u0142u ponosi w pe\u0142ni Zamawiaj\u0105cy.<br><br>3. Zamawiaj\u0105cy o\u015bwiadcza, i\u017c na dzie\u0144 zawarcia Umowy dysponuje prawami autorskimi, co do przedmiotu Umowy ani nie jest mu wiadome aby przedmiot Umowy by\u0142 obj\u0119ty jakimikolwiek roszczeniami os\u00f3b trzecich.<\/p>\n\n\n\n<p class=\"wp-block-punkt-drukarnia-text-section-heading font-medium font-sans text-2xl text-Primary_dark\">\u00a78 Ochrona danych osobowych<\/p>\n\n\n\n<p class=\"wp-block-punkt-drukarnia-text-section-text font-normal font-sans pb-10 pt-8 text-Primary_dark text-lg lg:pb-16 lg:pt-10\">1. Strony zobowi\u0105zuj\u0105 si\u0119 do ochrony danych osobowych, zgodnie z przepisami o ochronie danych osobowych, w tym Rozporz\u0105dzenia Parlamentu Europejskiego i Rady (UE) 2016\/679 z dnia 27 kwietnia 2016 r. w sprawie ochrony os\u00f3b fizycznych w zwi\u0105zku z przetwarzaniem danych osobowych i w sprawie swobodnego przep\u0142ywu takich danych oraz uchylenia dyrektywy 95\/46\/WE (og\u00f3lne rozporz\u0105dzenie o ochronie danych), dalej: \u201eRODO\u201d, oraz ustawy z dnia 10 maja 2018 r. o ochronie danych osobowych.<br><br>2. Wykonawca b\u0119dzie przetwarza\u0107 dane osobowe wy\u0142\u0105cznie w zakresie i celu niezb\u0119dnym dla prawid\u0142owego wykonania Zam\u00f3wienia.<br><br>3. W sytuacji, gdy dalsze przetwarzanie przez Wykonawc\u0119 powierzonych mu danych osobowych przestanie by\u0107 niezb\u0119dne, w szczeg\u00f3lno\u015bci po wykonaniu lub rozwi\u0105zaniu Zam\u00f3wienia, Wykonawca zobowi\u0105zuje si\u0119 do trwa\u0142ego usuni\u0119cia danych osobowych ze wszystkich swoich system\u00f3w teleinformatycznych i innych no\u015bnik\u00f3w.<br><br>4. Zamawiaj\u0105cy ma prawo do przeprowadzenia kontroli przestrzegania przez Wykonawc\u0119 zasad przetwarzania danych osobowych.<br><br>5. Strony o\u015bwiadczaj\u0105, \u017ce dane osobowe os\u00f3b do reprezentacji Stron oraz dane osobowe kontaktowe os\u00f3b zatrudnionych oraz wsp\u00f3\u0142pracuj\u0105cych udost\u0119pniane wzajemnie w jakikolwiek spos\u00f3b w okresie obowi\u0105zywania Umowy przekazywane s\u0105 w ramach prawnie uzasadnionego interesu Stron. Udost\u0119pniane Dane osobowe obejmuj\u0105: imi\u0119 i nazwisko, stanowisko s\u0142u\u017cbowe, s\u0142u\u017cbowy adres e-mail i s\u0142u\u017cbowy numer telefonu. Ka\u017cda ze Stron b\u0119dzie administratorem Danych osobowych, kt\u00f3re zosta\u0142y udost\u0119pnione w ramach Umowy. Ka\u017cda ze Stron zobowi\u0105zuje si\u0119 w zwi\u0105zku z tym do przekazania w imieniu drugiej Strony wszystkim osobom, kt\u00f3rych Dane osobowe udost\u0119pni\u0142a, informacji, o kt\u00f3rych mowa w art. 14 RODO.<br><br>6. Wykonawca zobowi\u0105zuje si\u0119 zapozna\u0107 osoby, kt\u00f3rych dane udost\u0119pni\u0142 Zamawiaj\u0105cemu, z klauzul\u0105 informacyjn\u0105 Zamawiaj\u0105cego o przetwarzaniu danych osobowych. To\u017csamy obowi\u0105zek spoczywa na Zamawiaj\u0105cym.<\/p>\n<\/div> <\/section>\n","protected":false},"excerpt":{"rendered":"","protected":false},"author":1,"featured_media":0,"parent":0,"menu_order":0,"comment_status":"closed","ping_status":"closed","template":"","meta":{"_monsterinsights_skip_tracking":false,"_monsterinsights_sitenote_active":false,"_monsterinsights_sitenote_note":"","_monsterinsights_sitenote_category":0,"footnotes":""},"class_list":["post-551","page","type-page","status-publish","hentry"],"acf":[],"_links":{"self":[{"href":"https:\/\/punktdruckerei.de\/pl\/wp-json\/wp\/v2\/pages\/551","targetHints":{"allow":["GET"]}}],"collection":[{"href":"https:\/\/punktdruckerei.de\/pl\/wp-json\/wp\/v2\/pages"}],"about":[{"href":"https:\/\/punktdruckerei.de\/pl\/wp-json\/wp\/v2\/types\/page"}],"author":[{"embeddable":true,"href":"https:\/\/punktdruckerei.de\/pl\/wp-json\/wp\/v2\/users\/1"}],"replies":[{"embeddable":true,"href":"https:\/\/punktdruckerei.de\/pl\/wp-json\/wp\/v2\/comments?post=551"}],"version-history":[{"count":5,"href":"https:\/\/punktdruckerei.de\/pl\/wp-json\/wp\/v2\/pages\/551\/revisions"}],"predecessor-version":[{"id":877,"href":"https:\/\/punktdruckerei.de\/pl\/wp-json\/wp\/v2\/pages\/551\/revisions\/877"}],"wp:attachment":[{"href":"https:\/\/punktdruckerei.de\/pl\/wp-json\/wp\/v2\/media?parent=551"}],"curies":[{"name":"wp","href":"https:\/\/api.w.org\/{rel}","templated":true}]}}